{"id":100,"date":"2016-02-19T19:32:53","date_gmt":"2016-02-19T19:32:53","guid":{"rendered":"https:\/\/www.trimagus.hu\/?page_id=100"},"modified":"2016-11-08T12:42:16","modified_gmt":"2016-11-08T12:42:16","slug":"pszichotronika-szellem-es-lelekgyogyaszat-merkaba-gyogyitas-2","status":"publish","type":"page","link":"https:\/\/www.trimagus.hu\/index.php\/kepzesek\/pszichotronika-szellem-es-lelekgyogyaszat-merkaba-gyogyitas-2\/","title":{"rendered":"Pszichotronika (szellem- \u00e9s l\u00e9lekgy\u00f3gy\u00e1szat)"},"content":{"rendered":"<p>A kezdeti l\u00e9p\u00e9seket L\u00e9vai J\u00e1nosn\u00e1l saj\u00e1t\u00edtottam el, majd tanulm\u00e1nyaimat dr. Gajdos Istv\u00e1nn\u00e1l folytattam, aki vezet\u0151m \u00e9s mesterem lett a szellemgy\u00f3gy\u00e1szat r\u00f6g\u00f6s \u00fatj\u00e1n.<br \/>\nCsontos Vilmos eredeti tan\u00edt\u00e1s\u00e1t kieg\u00e9sz\u00edthett\u00fck az Istv\u00e1n \u00e1ltal \u201elehozott\u201d Merkaba-gy\u00f3gy\u00edt\u00e1ssal is, mely a mai modern kor rohan\u00f3 embere sz\u00e1m\u00e1ra id\u0151takar\u00e9kosabb technik\u00e1kat k\u00edn\u00e1l.<\/p>\n<p style=\"text-align: justify;\">Sok \u00e9ves gyakorlati alkalmaz\u00e1s ut\u00e1n megszereztem Csontos Vilmosn\u00e1l a tan\u00edt\u00f3i diplom\u00e1t is.<br \/>\nEzzel a folyamatosan b\u0151v\u00fcl\u0151, gyakorlatban alkalmazhat\u00f3 tananyaggal v\u00e1rom a tanulni-, \u00e9s\u00a0fejl\u0151dni v\u00e1gy\u00f3kat, illetve\u00a0az \u00fatkeres\u0151ket.<br \/>\nAz alap tananyagot \u2013 a gyakorlati szempontokat szem el\u0151tt tartva \u2013 \u00fagy bontottam sz\u00e9t blokkokra, hogy a mindennapi \u00e9letben azonnal alkalmazhat\u00f3 \u00e9s kisebb falatokban, k\u00f6nnyebben em\u00e9szthet\u0151 legyen.<\/p>\n<p style=\"text-align: justify;\"><strong>Mit saj\u00e1t\u00edthatsz el a tanfolyam sor\u00e1n?<\/strong><\/p>\n<ul>\n<li style=\"text-align: justify;\">test, l\u00e9lek \u00e9s szellem harm\u00f3ni\u00e1ban \u00e9s egyens\u00falyban tart\u00e1sa<\/li>\n<li style=\"text-align: justify;\">finomanyagi testek fel\u00e9p\u00edt\u00e9se, tiszt\u00edt\u00e1sa, v\u00e9delme<\/li>\n<li style=\"text-align: justify;\">betegs\u00e9geink okai, okok megkeres\u00e9se<\/li>\n<li style=\"text-align: justify;\">eredeti eg\u00e9szs\u00e9ges \u00e1llapot helyre\u00e1ll\u00edt\u00e1sa<\/li>\n<li style=\"text-align: justify;\">fizikai k\u00f6rnyezet\u00fcnk energetikai ter\u00e9nek tiszt\u00e1n tart\u00e1sa<\/li>\n<li style=\"text-align: justify;\">a harmadik dimenzi\u00f3n t\u00fali dimenzi\u00f3k, vil\u00e1gok, ezek lak\u00f3i<\/li>\n<li style=\"text-align: justify;\">\u00e9rz\u00e9kel\u00e9s fejleszt\u00e9se<\/li>\n<li style=\"text-align: justify;\">medit\u00e1ci\u00f3s \u00e9s relax\u00e1ci\u00f3s technik\u00e1k<\/li>\n<\/ul>\n","protected":false},"excerpt":{"rendered":"<p>A kezdeti l\u00e9p\u00e9seket L\u00e9vai J\u00e1nosn\u00e1l saj\u00e1t\u00edtottam el, majd tanulm\u00e1nyaimat dr. Gajdos Istv\u00e1nn\u00e1l folytattam, aki vezet\u0151m \u00e9s mesterem lett a szellemgy\u00f3gy\u00e1szat r\u00f6g\u00f6s \u00fatj\u00e1n. Csontos Vilmos eredeti tan\u00edt\u00e1s\u00e1t kieg\u00e9sz\u00edthett\u00fck az Istv\u00e1n \u00e1ltal \u201elehozott\u201d Merkaba-gy\u00f3gy\u00edt\u00e1ssal is, mely a mai modern kor rohan\u00f3 embere sz\u00e1m\u00e1ra id\u0151takar\u00e9kosabb technik\u00e1kat k\u00edn\u00e1l. Sok \u00e9ves gyakorlati alkalmaz\u00e1s ut\u00e1n megszereztem Csontos Vilmosn\u00e1l a tan\u00edt\u00f3i diplom\u00e1t [&hellip;]<\/p>\n","protected":false},"author":1,"featured_media":409,"parent":45,"menu_order":0,"comment_status":"closed","ping_status":"closed","template":"","meta":{"footnotes":""},"_links":{"self":[{"href":"https:\/\/www.trimagus.hu\/index.php\/wp-json\/wp\/v2\/pages\/100"}],"collection":[{"href":"https:\/\/www.trimagus.hu\/index.php\/wp-json\/wp\/v2\/pages"}],"about":[{"href":"https:\/\/www.trimagus.hu\/index.php\/wp-json\/wp\/v2\/types\/page"}],"author":[{"embeddable":true,"href":"https:\/\/www.trimagus.hu\/index.php\/wp-json\/wp\/v2\/users\/1"}],"replies":[{"embeddable":true,"href":"https:\/\/www.trimagus.hu\/index.php\/wp-json\/wp\/v2\/comments?post=100"}],"version-history":[{"count":9,"href":"https:\/\/www.trimagus.hu\/index.php\/wp-json\/wp\/v2\/pages\/100\/revisions"}],"predecessor-version":[{"id":711,"href":"https:\/\/www.trimagus.hu\/index.php\/wp-json\/wp\/v2\/pages\/100\/revisions\/711"}],"up":[{"embeddable":true,"href":"https:\/\/www.trimagus.hu\/index.php\/wp-json\/wp\/v2\/pages\/45"}],"wp:featuredmedia":[{"embeddable":true,"href":"https:\/\/www.trimagus.hu\/index.php\/wp-json\/wp\/v2\/media\/409"}],"wp:attachment":[{"href":"https:\/\/www.trimagus.hu\/index.php\/wp-json\/wp\/v2\/media?parent=100"}],"curies":[{"name":"wp","href":"https:\/\/api.w.org\/{rel}","templated":true}]}}