{"id":103,"date":"2016-02-19T19:33:16","date_gmt":"2016-02-19T19:33:16","guid":{"rendered":"https:\/\/www.trimagus.hu\/?page_id=103"},"modified":"2018-02-21T20:36:14","modified_gmt":"2018-02-21T20:36:14","slug":"sors-es-onismereti-elemzes","status":"publish","type":"page","link":"https:\/\/www.trimagus.hu\/index.php\/kezelesek\/sors-es-onismereti-elemzes\/","title":{"rendered":"Sors- \u00e9s \u00f6nismereti elemz\u00e9s"},"content":{"rendered":"<p style=\"text-align: justify;\">Ezt a t\u00edpus\u00fa konzult\u00e1ci\u00f3t azoknak aj\u00e1nlom, akik k\u00edv\u00e1ncsiak a felsz\u00edn alatt megh\u00faz\u00f3d\u00f3 m\u00e9lyebb \u00f6sszef\u00fcgg\u00e9sekre is.<\/p>\n<p style=\"text-align: justify;\">A konzult\u00e1ci\u00f3 sor\u00e1n felt\u00e9rk\u00e9pezz\u00fck a jelenlegi \u00e9lethelyzetet, a testi \u2013 lelki \u2013 szellemi \u00e1llapotot, melynek f\u00fcggv\u00e9ny\u00e9ben \u2013 ig\u00e9ny szerint \u2013 elk\u00e9sz\u00edtem az elemz\u00e9st.<\/p>\n<p style=\"text-align: justify;\">Az elemz\u00e9s elk\u00e9sz\u00edt\u00e9se komplex folyamat, melynek sor\u00e1n haszn\u00e1lom az asztrol\u00f3gia, a sz\u00e1mmisztika, a sz\u00ednek, a tarot, a\u00a0Feng Shui \u00e9s a\u00a0 pszichotronika (szellem- \u00e9s l\u00e9lekgy\u00f3gy\u00e1szat) eszk\u00f6zt\u00e1r\u00e1t, valamint az angyalok \u00e9s szellemi vezet\u0151ink seg\u00edts\u00e9g\u00e9t \u00e9s \u00fatmutat\u00e1s\u00e1t.<\/p>\n<p style=\"text-align: justify;\">Egy\u00e9ni \u00e9lethelyzetekt\u0151l f\u00fcgg\u0151en, a k\u00edv\u00e1nt c\u00e9l el\u00e9r\u00e9se \u00e9rdek\u00e9ben term\u00e9szetesen felmer\u00fclhet tov\u00e1bbi ter\u00e1pi\u00e1k alkalmaz\u00e1s\u00e1nak lehet\u0151s\u00e9ge is.<\/p>\n","protected":false},"excerpt":{"rendered":"<p>Ezt a t\u00edpus\u00fa konzult\u00e1ci\u00f3t azoknak aj\u00e1nlom, akik k\u00edv\u00e1ncsiak a felsz\u00edn alatt megh\u00faz\u00f3d\u00f3 m\u00e9lyebb \u00f6sszef\u00fcgg\u00e9sekre is. A konzult\u00e1ci\u00f3 sor\u00e1n felt\u00e9rk\u00e9pezz\u00fck a jelenlegi \u00e9lethelyzetet, a testi \u2013 lelki \u2013 szellemi \u00e1llapotot, melynek f\u00fcggv\u00e9ny\u00e9ben \u2013 ig\u00e9ny szerint \u2013 elk\u00e9sz\u00edtem az elemz\u00e9st. Az elemz\u00e9s elk\u00e9sz\u00edt\u00e9se komplex folyamat, melynek sor\u00e1n haszn\u00e1lom az asztrol\u00f3gia, a sz\u00e1mmisztika, a sz\u00ednek, a tarot, a\u00a0Feng [&hellip;]<\/p>\n","protected":false},"author":1,"featured_media":651,"parent":48,"menu_order":0,"comment_status":"closed","ping_status":"closed","template":"","meta":{"footnotes":""},"_links":{"self":[{"href":"https:\/\/www.trimagus.hu\/index.php\/wp-json\/wp\/v2\/pages\/103"}],"collection":[{"href":"https:\/\/www.trimagus.hu\/index.php\/wp-json\/wp\/v2\/pages"}],"about":[{"href":"https:\/\/www.trimagus.hu\/index.php\/wp-json\/wp\/v2\/types\/page"}],"author":[{"embeddable":true,"href":"https:\/\/www.trimagus.hu\/index.php\/wp-json\/wp\/v2\/users\/1"}],"replies":[{"embeddable":true,"href":"https:\/\/www.trimagus.hu\/index.php\/wp-json\/wp\/v2\/comments?post=103"}],"version-history":[{"count":9,"href":"https:\/\/www.trimagus.hu\/index.php\/wp-json\/wp\/v2\/pages\/103\/revisions"}],"predecessor-version":[{"id":1459,"href":"https:\/\/www.trimagus.hu\/index.php\/wp-json\/wp\/v2\/pages\/103\/revisions\/1459"}],"up":[{"embeddable":true,"href":"https:\/\/www.trimagus.hu\/index.php\/wp-json\/wp\/v2\/pages\/48"}],"wp:featuredmedia":[{"embeddable":true,"href":"https:\/\/www.trimagus.hu\/index.php\/wp-json\/wp\/v2\/media\/651"}],"wp:attachment":[{"href":"https:\/\/www.trimagus.hu\/index.php\/wp-json\/wp\/v2\/media?parent=103"}],"curies":[{"name":"wp","href":"https:\/\/api.w.org\/{rel}","templated":true}]}}