{"id":109,"date":"2016-02-19T19:33:47","date_gmt":"2016-02-19T19:33:47","guid":{"rendered":"https:\/\/www.trimagus.hu\/?page_id=109"},"modified":"2016-11-08T12:48:17","modified_gmt":"2016-11-08T12:48:17","slug":"gyogyito-beszelgetes","status":"publish","type":"page","link":"https:\/\/www.trimagus.hu\/index.php\/kezelesek\/termeszetgyogyaszati-kozultacio\/gyogyito-beszelgetes\/","title":{"rendered":"Gy\u00f3gy\u00edt\u00f3 besz\u00e9lget\u00e9s"},"content":{"rendered":"<p>Ez egy nagyon \u00e9rdekes, v\u00e1ltozatos \u00e9s fontos ter\u00fclete a seg\u00edt\u0151i munk\u00e1nak. \u00c1tlagos, mindennapi dolognak gondoljuk, mert \u00e9let\u00fcnk term\u00e9szetes r\u00e9sze, b\u00e1r a\u00a0technikai fejl\u0151d\u00e9s \u00e9s a rohan\u00f3 vil\u00e1gunk miatt kialakult id\u0151hi\u00e1ny k\u00f6vetkezt\u00e9ben egyre kevesebbet kommunik\u00e1lunk egym\u00e1ssal, f\u0151leg nyugodt, meghitt besz\u00e9lget\u00e9s form\u00e1j\u00e1ban.\u00a0Az internet (Facebook, Twitter, Instagram, e-mail) ugyan ablakot nyit a vil\u00e1gra, de egy\u00fattal k\u00f6z\u00e9nk is \u00e1ll, emberek k\u00f6z\u00e9.<br \/>\nT\u00e1rsas l\u00e9nyek vagyunk, mindenki az. Ki jobban, ki kev\u00e9sb\u00e9, de mindenkinek sz\u00fcks\u00e9ge van az \u00f6nkifejez\u00e9snek a \u201ehangos\u201d form\u00e1j\u00e1ra, m\u00e1sok k\u00f6zels\u00e9g\u00e9re, ezen kereszt\u00fcl a metakommunik\u00e1ci\u00f3ra. \u00daj gondolatokat \u00e9s \u00e9rz\u00e9seket \u00e9breszthet, \u00e1ltaluk sz\u00ednesebbek, t\u00f6bbek lehet\u00fcnk.<\/p>\n<p>Ha csak arra gondolunk, hogy az eg\u00e9sz Univerzumot bizony\u00edtottan rezg\u00e9sek alkotj\u00e1k, m\u00e1r igencsak elgondolkodtat\u00f3 a fontoss\u00e1ga.<br \/>\nA fizikusok azt mondj\u00e1k, a kezdeti nagy \u201ebumm\u201d m\u00e9g mindig visszhangzik&#8230;<br \/>\nK\u00fcl\u00f6nb\u00f6z\u0151 vall\u00e1si, vagy filoz\u00f3fiai ir\u00e1nyzatok a Vil\u00e1g teremt\u00e9s\u00e9t, az \u201eEgy\u201d megnyilv\u00e1nul\u00e1s\u00e1t is hangrezg\u00e9snek tulajdon\u00edtj\u00e1k\u2026 (OM)<\/p>\n<p>Szint\u00e9n nagyon fontos \u00e9s \u201ebesz\u00e9des\u201d a m\u00e1sik oldalon a (meg)hallgat\u00e1s.\u00a0Sok embernek nincs sz\u00fcks\u00e9ge tan\u00e1csokra, csak arra, hogy meghallgassa \u0151ket v\u00e9gre valaki. Ezut\u00e1n\u00a0m\u00e1ris jobban \u00e9rzik magukat \u00e9s megk\u00f6nnyebb\u00fclnek.<br \/>\nVannak, akik elj\u00f6nnek a tan\u00e1cs\u00e9rt, de saj\u00e1t maguk g\u00e1tolj\u00e1k az inform\u00e1ci\u00f3 meg\u00e9rt\u00e9s\u00e9t. Ennek oka lehet b\u00e1rmi. Ilyenkor megold\u00e1st jelenthet egy nyugodt helyen, csendes k\u00f6rnyezetben (erd\u0151) val\u00f3 s\u00e9ta k\u00f6zbeni besz\u00e9lget\u00e9s. A lass\u00fa, monoton mozg\u00e1ssal egybek\u00f6t\u00f6tt besz\u00e9dhang kiegyens\u00falyozotts\u00e1got, jobb meg\u00e9rt\u00e9st hoz.<\/p>\n<p>A s\u00e9t\u00e1l\u00f3 medit\u00e1ci\u00f3ban vagy a labirintusj\u00e1r\u00e1sban tapasztalt megv\u00e1ltozott tudat\u00e1llapothoz hasonl\u00edthat\u00f3 az eredm\u00e9ny, csak itt a seg\u00edt\u0151 alak\u00edtja a \u201emedit\u00e1ci\u00f3\u201d t\u00e9m\u00e1j\u00e1t, amely sor\u00e1n\u00a0speci\u00e1lis k\u00e9rd\u00e9sfeltev\u00e9ssel tudja t\u00e1mogatni a folyamatban a keres\u0151t.<\/p>\n<p>Javasoljuk m\u00e9g azoknak is akik,<\/p>\n<ul>\n<li>szeretnek magukt\u00f3l r\u00e1j\u00f6nni a saj\u00e1t igazs\u00e1gukra&#8230;<\/li>\n<li>val\u00f3j\u00e1ban tudj\u00e1k, mit kell tenni\u00fck, csak t\u00e1mogat\u00f3 k\u00f6rnyezetre v\u00e1gynak&#8230;<\/li>\n<li>\u00f6r\u00f6met lelnek a kutat\u00f3 munk\u00e1ban&#8230;<\/li>\n<li>f\u00fcggetlen f\u00fclekre van sz\u00fcks\u00e9g\u00fck&#8230;<\/li>\n<li>nem szeretik a \u201emegmond\u00f3\u201d embereket&#8230;<\/li>\n<li>\u00f3ckodnak a \u201eter\u00e1pi\u00e1z\u00e1st\u00f3l\u201d&#8230;<\/li>\n<\/ul>\n<p>Ahogy nincs k\u00e9t egyforma ember egyforma \u00e9lethelyzettel, \u00fagy\u00a0nincs k\u00e9t egyforma gy\u00f3gy\u00edt\u00f3 besz\u00e9lget\u00e9s sem.<\/p>\n","protected":false},"excerpt":{"rendered":"<p>Ez egy nagyon \u00e9rdekes, v\u00e1ltozatos \u00e9s fontos ter\u00fclete a seg\u00edt\u0151i munk\u00e1nak. \u00c1tlagos, mindennapi dolognak gondoljuk, mert \u00e9let\u00fcnk term\u00e9szetes r\u00e9sze, b\u00e1r a\u00a0technikai fejl\u0151d\u00e9s \u00e9s a rohan\u00f3 vil\u00e1gunk miatt kialakult id\u0151hi\u00e1ny k\u00f6vetkezt\u00e9ben egyre kevesebbet kommunik\u00e1lunk egym\u00e1ssal, f\u0151leg nyugodt, meghitt besz\u00e9lget\u00e9s form\u00e1j\u00e1ban.\u00a0Az internet (Facebook, Twitter, Instagram, e-mail) ugyan ablakot nyit a vil\u00e1gra, de egy\u00fattal k\u00f6z\u00e9nk is \u00e1ll, emberek [&hellip;]<\/p>\n","protected":false},"author":1,"featured_media":802,"parent":66,"menu_order":0,"comment_status":"closed","ping_status":"closed","template":"","meta":{"footnotes":""},"_links":{"self":[{"href":"https:\/\/www.trimagus.hu\/index.php\/wp-json\/wp\/v2\/pages\/109"}],"collection":[{"href":"https:\/\/www.trimagus.hu\/index.php\/wp-json\/wp\/v2\/pages"}],"about":[{"href":"https:\/\/www.trimagus.hu\/index.php\/wp-json\/wp\/v2\/types\/page"}],"author":[{"embeddable":true,"href":"https:\/\/www.trimagus.hu\/index.php\/wp-json\/wp\/v2\/users\/1"}],"replies":[{"embeddable":true,"href":"https:\/\/www.trimagus.hu\/index.php\/wp-json\/wp\/v2\/comments?post=109"}],"version-history":[{"count":5,"href":"https:\/\/www.trimagus.hu\/index.php\/wp-json\/wp\/v2\/pages\/109\/revisions"}],"predecessor-version":[{"id":801,"href":"https:\/\/www.trimagus.hu\/index.php\/wp-json\/wp\/v2\/pages\/109\/revisions\/801"}],"up":[{"embeddable":true,"href":"https:\/\/www.trimagus.hu\/index.php\/wp-json\/wp\/v2\/pages\/66"}],"wp:featuredmedia":[{"embeddable":true,"href":"https:\/\/www.trimagus.hu\/index.php\/wp-json\/wp\/v2\/media\/802"}],"wp:attachment":[{"href":"https:\/\/www.trimagus.hu\/index.php\/wp-json\/wp\/v2\/media?parent=109"}],"curies":[{"name":"wp","href":"https:\/\/api.w.org\/{rel}","templated":true}]}}