{"id":11,"date":"2016-02-17T22:17:37","date_gmt":"2016-02-17T22:17:37","guid":{"rendered":"https:\/\/www.trimagus.hu\/?page_id=11"},"modified":"2016-11-08T12:39:24","modified_gmt":"2016-11-08T12:39:24","slug":"kuldetesunk","status":"publish","type":"page","link":"https:\/\/www.trimagus.hu\/index.php\/rolunk\/kuldetesunk\/","title":{"rendered":"K\u00dcLDET\u00c9S\u00dcNK"},"content":{"rendered":"<p style=\"text-align: justify;\">Nagy f\u00e1ba v\u00e1gtuk a fejsz\u00e9nket\u2026<\/p>\n<p style=\"text-align: justify;\">C\u00e9lunk egy olyan informat\u00edv \u00e9s \u00c9let\u00fcnk kalandos utaz\u00e1s\u00e1t <strong>t\u00e1mogat\u00f3 oldal<\/strong> l\u00e9trehoz\u00e1sa, ahol az olvas\u00f3 seg\u00edts\u00e9get kap a k\u00fcl\u00f6nb\u00f6z\u0151 filoz\u00f3fiai ir\u00e1nyzatok \u00e9s \u0151si b\u00f6lcseletek sz\u00f6vev\u00e9nyes vil\u00e1g\u00e1ban val\u00f3 eligazod\u00e1shoz.<\/p>\n<p style=\"text-align: justify;\">Megtudhatjuk, hogy mi\u00e9rt nem v\u00e1laszthat\u00f3ak k\u00fcl\u00f6n a nyugati \u00e9s a keleti filoz\u00f3fiai tanok \u00e9s b\u00f6lcseletek.<\/p>\n<p style=\"text-align: justify;\">Mi\u00e9rt \u00e9s hogyan f\u00fcgg \u00f6ssze minden mindennel?<\/p>\n<p style=\"text-align: justify;\">Merre induljunk el vagy \u00e9ppens\u00e9ggel haladjunk tov\u00e1bb, ha az \u00e9let\u00fcnkben fordul\u00f3ponthoz \u00e9rkezt\u00fcnk. Ha szeretn\u00e9nk c\u00e9lokat kit\u0171zni vagy a kit\u0171z\u00f6tt c\u00e9lokat szeretn\u00e9nk min\u00e9l gyorsabban \u00e9s hat\u00e9konyabban megval\u00f3s\u00edtani? Esetleg egy nagyobb \u2013 ak\u00e1r eg\u00e9szs\u00e9g\u00fcgyi \u2013 kih\u00edv\u00e1s \u00fct\u00f6tte fel a fej\u00e9t a csal\u00e1dunkban vagy a k\u00f6rnyezet\u00fcnkben? Vagy, ha csak egyszer\u0171en vonzanak a rejt\u00e9lyek, \u00e9rdekel, mi v\u00e9gre \u00e9l\u00fcnk itt a F\u00f6ld\u00f6n\u2026<\/p>\n<p style=\"text-align: justify;\">Ezeket az inform\u00e1ci\u00f3kat folyamatosan b\u0151v\u00edtve \u00e9s aktualiz\u00e1lva megtal\u00e1lj\u00e1tok honlapunkon. Ezen t\u00falmen\u0151en lehet\u0151s\u00e9get biztos\u00edtunk szem\u00e9lyes konzult\u00e1ci\u00f3ra vagy t\u00e9m\u00e1t\u00f3l f\u00fcgg\u0151en kis l\u00e9tsz\u00e1m\u00fa csoportos k\u00e9pz\u00e9sekre is.<\/p>\n<p style=\"text-align: right;\">A Trimagus Csapata<\/p>\n","protected":false},"excerpt":{"rendered":"<p>Nagy f\u00e1ba v\u00e1gtuk a fejsz\u00e9nket\u2026 C\u00e9lunk egy olyan informat\u00edv \u00e9s \u00c9let\u00fcnk kalandos utaz\u00e1s\u00e1t t\u00e1mogat\u00f3 oldal l\u00e9trehoz\u00e1sa, ahol az olvas\u00f3 seg\u00edts\u00e9get kap a k\u00fcl\u00f6nb\u00f6z\u0151 filoz\u00f3fiai ir\u00e1nyzatok \u00e9s \u0151si b\u00f6lcseletek sz\u00f6vev\u00e9nyes vil\u00e1g\u00e1ban val\u00f3 eligazod\u00e1shoz. Megtudhatjuk, hogy mi\u00e9rt nem v\u00e1laszthat\u00f3ak k\u00fcl\u00f6n a nyugati \u00e9s a keleti filoz\u00f3fiai tanok \u00e9s b\u00f6lcseletek. Mi\u00e9rt \u00e9s hogyan f\u00fcgg \u00f6ssze minden mindennel? Merre [&hellip;]<\/p>\n","protected":false},"author":1,"featured_media":650,"parent":14,"menu_order":0,"comment_status":"closed","ping_status":"closed","template":"","meta":{"footnotes":""},"_links":{"self":[{"href":"https:\/\/www.trimagus.hu\/index.php\/wp-json\/wp\/v2\/pages\/11"}],"collection":[{"href":"https:\/\/www.trimagus.hu\/index.php\/wp-json\/wp\/v2\/pages"}],"about":[{"href":"https:\/\/www.trimagus.hu\/index.php\/wp-json\/wp\/v2\/types\/page"}],"author":[{"embeddable":true,"href":"https:\/\/www.trimagus.hu\/index.php\/wp-json\/wp\/v2\/users\/1"}],"replies":[{"embeddable":true,"href":"https:\/\/www.trimagus.hu\/index.php\/wp-json\/wp\/v2\/comments?post=11"}],"version-history":[{"count":3,"href":"https:\/\/www.trimagus.hu\/index.php\/wp-json\/wp\/v2\/pages\/11\/revisions"}],"predecessor-version":[{"id":183,"href":"https:\/\/www.trimagus.hu\/index.php\/wp-json\/wp\/v2\/pages\/11\/revisions\/183"}],"up":[{"embeddable":true,"href":"https:\/\/www.trimagus.hu\/index.php\/wp-json\/wp\/v2\/pages\/14"}],"wp:featuredmedia":[{"embeddable":true,"href":"https:\/\/www.trimagus.hu\/index.php\/wp-json\/wp\/v2\/media\/650"}],"wp:attachment":[{"href":"https:\/\/www.trimagus.hu\/index.php\/wp-json\/wp\/v2\/media?parent=11"}],"curies":[{"name":"wp","href":"https:\/\/api.w.org\/{rel}","templated":true}]}}