{"id":122,"date":"2016-02-19T19:48:25","date_gmt":"2016-02-19T19:48:25","guid":{"rendered":"https:\/\/www.trimagus.hu\/?page_id=122"},"modified":"2016-11-08T12:41:36","modified_gmt":"2016-11-08T12:41:36","slug":"kristaly-gyogyaszat","status":"publish","type":"page","link":"https:\/\/www.trimagus.hu\/index.php\/kepzesek\/kristaly-gyogyaszat\/","title":{"rendered":"Krist\u00e1ly-gy\u00f3gy\u00e1szat"},"content":{"rendered":"<p style=\"text-align: justify;\">A k\u00e9pz\u00e9s sor\u00e1n elsaj\u00e1t\u00edthatjuk test\u00fcnk finomanyagi szerkezet\u00e9nek fel\u00e9p\u00edt\u00e9s\u00e9t, csakr\u00e1ink rendszer\u00e9t \u00e9s m\u0171k\u00f6d\u00e9si mechanizmus\u00e1t.<br \/>\nA ter\u00e1pi\u00e1ban haszn\u00e1lhat\u00f3 krist\u00e1lyok hat\u00e1smechanizmus\u00e1t, kiv\u00e1laszt\u00e1suk \u00e9s gondoz\u00e1suk m\u00f3dj\u00e1t.<\/p>\n<p style=\"text-align: justify;\">A k\u00e9pz\u00e9s ideje alatt lehet\u0151s\u00e9get biztos\u00edtunk a k\u00f6vekkel val\u00f3 megismerked\u00e9sre, alapvet\u0151 gyakorlati l\u00e9p\u00e9sek elsaj\u00e1t\u00edt\u00e1s\u00e1ra.<br \/>\nA k\u00e9s\u0151bbiekben lehet\u0151s\u00e9g lesz a tov\u00e1bbl\u00e9p\u00e9sre is\u2026<\/p>\n","protected":false},"excerpt":{"rendered":"<p>A k\u00e9pz\u00e9s sor\u00e1n elsaj\u00e1t\u00edthatjuk test\u00fcnk finomanyagi szerkezet\u00e9nek fel\u00e9p\u00edt\u00e9s\u00e9t, csakr\u00e1ink rendszer\u00e9t \u00e9s m\u0171k\u00f6d\u00e9si mechanizmus\u00e1t. A ter\u00e1pi\u00e1ban haszn\u00e1lhat\u00f3 krist\u00e1lyok hat\u00e1smechanizmus\u00e1t, kiv\u00e1laszt\u00e1suk \u00e9s gondoz\u00e1suk m\u00f3dj\u00e1t. A k\u00e9pz\u00e9s ideje alatt lehet\u0151s\u00e9get biztos\u00edtunk a k\u00f6vekkel val\u00f3 megismerked\u00e9sre, alapvet\u0151 gyakorlati l\u00e9p\u00e9sek elsaj\u00e1t\u00edt\u00e1s\u00e1ra. A k\u00e9s\u0151bbiekben lehet\u0151s\u00e9g lesz a tov\u00e1bbl\u00e9p\u00e9sre is\u2026<\/p>\n","protected":false},"author":1,"featured_media":644,"parent":45,"menu_order":0,"comment_status":"closed","ping_status":"closed","template":"","meta":{"footnotes":""},"_links":{"self":[{"href":"https:\/\/www.trimagus.hu\/index.php\/wp-json\/wp\/v2\/pages\/122"}],"collection":[{"href":"https:\/\/www.trimagus.hu\/index.php\/wp-json\/wp\/v2\/pages"}],"about":[{"href":"https:\/\/www.trimagus.hu\/index.php\/wp-json\/wp\/v2\/types\/page"}],"author":[{"embeddable":true,"href":"https:\/\/www.trimagus.hu\/index.php\/wp-json\/wp\/v2\/users\/1"}],"replies":[{"embeddable":true,"href":"https:\/\/www.trimagus.hu\/index.php\/wp-json\/wp\/v2\/comments?post=122"}],"version-history":[{"count":5,"href":"https:\/\/www.trimagus.hu\/index.php\/wp-json\/wp\/v2\/pages\/122\/revisions"}],"predecessor-version":[{"id":733,"href":"https:\/\/www.trimagus.hu\/index.php\/wp-json\/wp\/v2\/pages\/122\/revisions\/733"}],"up":[{"embeddable":true,"href":"https:\/\/www.trimagus.hu\/index.php\/wp-json\/wp\/v2\/pages\/45"}],"wp:featuredmedia":[{"embeddable":true,"href":"https:\/\/www.trimagus.hu\/index.php\/wp-json\/wp\/v2\/media\/644"}],"wp:attachment":[{"href":"https:\/\/www.trimagus.hu\/index.php\/wp-json\/wp\/v2\/media?parent=122"}],"curies":[{"name":"wp","href":"https:\/\/api.w.org\/{rel}","templated":true}]}}