{"id":125,"date":"2016-02-19T19:48:41","date_gmt":"2016-02-19T19:48:41","guid":{"rendered":"https:\/\/www.trimagus.hu\/?page_id=125"},"modified":"2016-11-08T12:41:54","modified_gmt":"2016-11-08T12:41:54","slug":"kristaly-tarot","status":"publish","type":"page","link":"https:\/\/www.trimagus.hu\/index.php\/kepzesek\/kristaly-tarot\/","title":{"rendered":"Krist\u00e1ly-tarot"},"content":{"rendered":"<p style=\"text-align: justify;\">\u0150si atlantiszi \u2013 <em>vagy m\u00e9g r\u00e9gebbi<\/em> \u2013 titkos tud\u00e1s, mely az egyiptomi f\u00e1ra\u00f3k beavat\u00e1si rendj\u00e9nek seg\u00edts\u00e9g\u00e9vel tudott fennmaradni napjainkig. K\u00e9pi form\u00e1j\u00e1t a tarot nagy\u00e1rk\u00e1numa \u0151rizte meg, de a krist\u00e1lyokkal val\u00f3 kapcsolata hossz\u00fa id\u0151re feled\u00e9sbe mer\u00fclt.<\/p>\n<p style=\"text-align: justify;\">A k\u00e9pz\u00e9s alatt \u00e1tfog\u00f3 betekint\u00e9st adunk a tarot vil\u00e1g\u00e1ba, a nagy\u00e1rk\u00e1num lapjainak jelent\u00e9s\u00e9be. Megismerked\u00fcnk az egyes lapokhoz tartoz\u00f3 krist\u00e1lyokkal \u00e9s ezek gyakorlati haszn\u00e1lat\u00e1val. Megtanuljuk, hogy a megszerzett tud\u00e1st hogyan illeszthetj\u00fck be rohan\u00f3 vil\u00e1gunk h\u00e9tk\u00f6znapjaiba.<\/p>\n","protected":false},"excerpt":{"rendered":"<p>\u0150si atlantiszi \u2013 vagy m\u00e9g r\u00e9gebbi \u2013 titkos tud\u00e1s, mely az egyiptomi f\u00e1ra\u00f3k beavat\u00e1si rendj\u00e9nek seg\u00edts\u00e9g\u00e9vel tudott fennmaradni napjainkig. K\u00e9pi form\u00e1j\u00e1t a tarot nagy\u00e1rk\u00e1numa \u0151rizte meg, de a krist\u00e1lyokkal val\u00f3 kapcsolata hossz\u00fa id\u0151re feled\u00e9sbe mer\u00fclt. A k\u00e9pz\u00e9s alatt \u00e1tfog\u00f3 betekint\u00e9st adunk a tarot vil\u00e1g\u00e1ba, a nagy\u00e1rk\u00e1num lapjainak jelent\u00e9s\u00e9be. Megismerked\u00fcnk az egyes lapokhoz tartoz\u00f3 krist\u00e1lyokkal \u00e9s [&hellip;]<\/p>\n","protected":false},"author":1,"featured_media":648,"parent":45,"menu_order":0,"comment_status":"closed","ping_status":"closed","template":"","meta":{"footnotes":""},"_links":{"self":[{"href":"https:\/\/www.trimagus.hu\/index.php\/wp-json\/wp\/v2\/pages\/125"}],"collection":[{"href":"https:\/\/www.trimagus.hu\/index.php\/wp-json\/wp\/v2\/pages"}],"about":[{"href":"https:\/\/www.trimagus.hu\/index.php\/wp-json\/wp\/v2\/types\/page"}],"author":[{"embeddable":true,"href":"https:\/\/www.trimagus.hu\/index.php\/wp-json\/wp\/v2\/users\/1"}],"replies":[{"embeddable":true,"href":"https:\/\/www.trimagus.hu\/index.php\/wp-json\/wp\/v2\/comments?post=125"}],"version-history":[{"count":4,"href":"https:\/\/www.trimagus.hu\/index.php\/wp-json\/wp\/v2\/pages\/125\/revisions"}],"predecessor-version":[{"id":649,"href":"https:\/\/www.trimagus.hu\/index.php\/wp-json\/wp\/v2\/pages\/125\/revisions\/649"}],"up":[{"embeddable":true,"href":"https:\/\/www.trimagus.hu\/index.php\/wp-json\/wp\/v2\/pages\/45"}],"wp:featuredmedia":[{"embeddable":true,"href":"https:\/\/www.trimagus.hu\/index.php\/wp-json\/wp\/v2\/media\/648"}],"wp:attachment":[{"href":"https:\/\/www.trimagus.hu\/index.php\/wp-json\/wp\/v2\/media?parent=125"}],"curies":[{"name":"wp","href":"https:\/\/api.w.org\/{rel}","templated":true}]}}