{"id":128,"date":"2016-02-19T19:49:40","date_gmt":"2016-02-19T19:49:40","guid":{"rendered":"https:\/\/www.trimagus.hu\/?page_id=128"},"modified":"2016-11-08T12:44:30","modified_gmt":"2016-11-08T12:44:30","slug":"pszichotronika-szellem-es-lelekgyogyaszat-merkaba-gyogyitas","status":"publish","type":"page","link":"https:\/\/www.trimagus.hu\/index.php\/kezelesek\/pszichotronika-szellem-es-lelekgyogyaszat-merkaba-gyogyitas\/","title":{"rendered":"Pszichotronika (szellem- \u00e9s l\u00e9lekgy\u00f3gy\u00e1szat)"},"content":{"rendered":"<p style=\"text-align: justify;\">Engedd meg, hogy t\u00e1j\u00e9koztassalak, milyen esetekben aj\u00e1nljuk sz\u00e1modra ezt a kezel\u00e9st.<br \/>\n<em>A teljess\u00e9g ig\u00e9nye n\u00e9lk\u00fcl,<\/em> p\u00e1r p\u00e9ld\u00e1t kiemelve:<\/p>\n<ul style=\"text-align: justify;\">\n<li>m\u00e1r kialakult eg\u00e9szs\u00e9g\u00fcgyi probl\u00e9m\u00e1k,<\/li>\n<li>fizikai diszkomfort \u00e9rzet,<\/li>\n<li>ismeretlen eredet\u0171 probl\u00e9m\u00e1k felt\u00e9rk\u00e9pez\u00e9se, kiv\u00e1lt\u00f3 t\u00e9nyez\u0151k \u00e9s okok megkeres\u00e9se,<\/li>\n<li>lelki terhek,<\/li>\n<li>\u00e9lethelyzetekb\u0151l ad\u00f3d\u00f3 esetleges neh\u00e9zs\u00e9gek,<\/li>\n<li>d\u00f6nt\u00e9shelyzetek, v\u00e1laszutak el\u0151tt,<\/li>\n<li>lak\u00f3k\u00f6rnyezeti vagy munkahelyi \u2013 ismeretlen eredet\u0171 \u2013 zavar\u00f3 t\u00e9nyez\u0151k (pl. nem tudod, mi\u00e9rt, de nem \u00e9rzed j\u00f3l magad az adott helyen),<\/li>\n<li>kih\u00edv\u00e1sok emberi kapcsolatokban\u2026<\/li>\n<\/ul>\n<p style=\"text-align: center;\">Mag\u00e1r\u00f3l a <a href=\"https:\/\/www.trimagus.hu\/index.php\/pszichotronika-szellem-es-lelekgyogyaszat-merkaba-gyogyitas-2\/\">pszichotronik\u00e1r\u00f3l<\/a>\u00a0a k\u00e9pz\u00e9sek alatt olvashatsz picit b\u0151vebben.<\/p>\n","protected":false},"excerpt":{"rendered":"<p>Engedd meg, hogy t\u00e1j\u00e9koztassalak, milyen esetekben aj\u00e1nljuk sz\u00e1modra ezt a kezel\u00e9st. A teljess\u00e9g ig\u00e9nye n\u00e9lk\u00fcl, p\u00e1r p\u00e9ld\u00e1t kiemelve: m\u00e1r kialakult eg\u00e9szs\u00e9g\u00fcgyi probl\u00e9m\u00e1k, fizikai diszkomfort \u00e9rzet, ismeretlen eredet\u0171 probl\u00e9m\u00e1k felt\u00e9rk\u00e9pez\u00e9se, kiv\u00e1lt\u00f3 t\u00e9nyez\u0151k \u00e9s okok megkeres\u00e9se, lelki terhek, \u00e9lethelyzetekb\u0151l ad\u00f3d\u00f3 esetleges neh\u00e9zs\u00e9gek, d\u00f6nt\u00e9shelyzetek, v\u00e1laszutak el\u0151tt, lak\u00f3k\u00f6rnyezeti vagy munkahelyi \u2013 ismeretlen eredet\u0171 \u2013 zavar\u00f3 t\u00e9nyez\u0151k (pl. nem tudod, [&hellip;]<\/p>\n","protected":false},"author":1,"featured_media":0,"parent":48,"menu_order":0,"comment_status":"closed","ping_status":"closed","template":"","meta":{"footnotes":""},"_links":{"self":[{"href":"https:\/\/www.trimagus.hu\/index.php\/wp-json\/wp\/v2\/pages\/128"}],"collection":[{"href":"https:\/\/www.trimagus.hu\/index.php\/wp-json\/wp\/v2\/pages"}],"about":[{"href":"https:\/\/www.trimagus.hu\/index.php\/wp-json\/wp\/v2\/types\/page"}],"author":[{"embeddable":true,"href":"https:\/\/www.trimagus.hu\/index.php\/wp-json\/wp\/v2\/users\/1"}],"replies":[{"embeddable":true,"href":"https:\/\/www.trimagus.hu\/index.php\/wp-json\/wp\/v2\/comments?post=128"}],"version-history":[{"count":11,"href":"https:\/\/www.trimagus.hu\/index.php\/wp-json\/wp\/v2\/pages\/128\/revisions"}],"predecessor-version":[{"id":710,"href":"https:\/\/www.trimagus.hu\/index.php\/wp-json\/wp\/v2\/pages\/128\/revisions\/710"}],"up":[{"embeddable":true,"href":"https:\/\/www.trimagus.hu\/index.php\/wp-json\/wp\/v2\/pages\/48"}],"wp:attachment":[{"href":"https:\/\/www.trimagus.hu\/index.php\/wp-json\/wp\/v2\/media?parent=128"}],"curies":[{"name":"wp","href":"https:\/\/api.w.org\/{rel}","templated":true}]}}