{"id":14,"date":"2016-02-17T22:18:31","date_gmt":"2016-02-17T22:18:31","guid":{"rendered":"https:\/\/www.trimagus.hu\/?page_id=14"},"modified":"2016-03-22T20:29:00","modified_gmt":"2016-03-22T20:29:00","slug":"rolunk","status":"publish","type":"page","link":"https:\/\/www.trimagus.hu\/index.php\/rolunk\/","title":{"rendered":"R\u00d3LUNK"},"content":{"rendered":"<p style=\"text-align: justify;\"><em>Koron\u00e1z\u00e1si jogar fels\u0151 d\u00edsze.<\/em><br \/>\n<em> A h\u00e1l\u00f3v\u00e1 sz\u0151tt, \u00f6nmag\u00e1ba visszat\u00e9r\u0151 fonat a buddhista ikonogr\u00e1fi\u00e1ban a\u00a0 \u201enyolc szerencs\u00e9s jel\u201d egyike. A m\u00e1gikus, \u00f6nmag\u00e1b\u00f3l indul\u00f3 \u00e9s \u00e9rkez\u0151 fon\u00e1s, a teremt\u00e9s v\u00e9gtelens\u00e9g\u00e9t, az el\u0151bukkan\u00f3 \u00e9s elt\u0171n\u0151 id\u0151, a ciklusok \u00f6r\u00f6k v\u00e1ltakoz\u00e1s\u00e1t jelen\u00edtik meg. Minden, ami benn\u00fcnk \u00e9s k\u00f6r\u00fcl\u00f6tt\u00fcnk l\u00e9tez\u0151, \u00e9szlelhet\u0151 val\u00f3s\u00e1g \u201eer\u0151ket\u201d fogad be \u00e9s bocs\u00e1t ki mag\u00e1b\u00f3l. A vil\u00e1g f\u00e9nyl\u0151 term\u00e9szet\u00e9nek megid\u00e9z\u0151je a nyitott elrendez\u0151d\u00e9s, elemei a t\u0171z \u00e9s a leveg\u0151. A z\u00e1rt k\u00e9plet a v\u00e9detts\u00e9gre utal, arra, hogy a k\u00e1rt\u00e9kony er\u0151k puszt\u00edt\u00f3 mennyis\u00e9gben nem juthatnak k\u00f6zel\u00fcnkbe. A f\u00f6ldet id\u00e9zi, amely a magok megtart\u00f3 \u00e1gya, a vizet, amely a term\u0151f\u00f6ld b\u00f6lcs\u0151je, az \u00e9letet \u00f3v\u00f3 anyam\u00e9het.\u00a0 A f\u00f6ld \u00e9s v\u00edz, e k\u00e9t m\u00e1gikus sz\u00edvbe font, kibonthatatlan egys\u00e9ge, az \u00f3v\u00e1st, v\u00e9delmet id\u00e9zi a Solaris er\u0151k szent n\u00e9gysz\u00f6g\u00e9be.<\/em><br \/>\nForr\u00e1s: <a href=\"https:\/\/www.puskikiado.hu\/book\/996\" target=\"_blank\">Moln\u00e1r V. J\u00f3zsef &#8211; Vil\u00e1g-Vir\u00e1g<\/a><\/p>\n<p>A <a href=\"https:\/\/www.trimagus.hu\/index.php\/a-trimagus-csapata\/\">Trimagus Csapat\u00e1nak<\/a> tagjaival \u2013 kimondva vagy kimondatlanul \u2013 r\u00e9g\u00f3ta k\u00f6z\u00f6s Utat taposunk. K\u00fcldet\u00e9s\u00fcnk\u00f6n t\u00fal a pszichotronika (szellem- \u00e9s l\u00e9lekgy\u00f3gy\u00e1szat) \u00e9s Merkaba-gy\u00f3gy\u00edt\u00e1s volt kezdetben az \u00f6sszek\u00f6t\u0151 kapocs ebben a h\u00e1rmass\u00e1gban. Egy\u00e9ni Utunkat j\u00e1rva k\u00fcl\u00f6n-k\u00fcl\u00f6n is eljutottunk arra a felismer\u00e9sre, hogy<br \/>\n<strong><em>a <a href=\"https:\/\/www.trimagus.hu\/index.php\/a-tlsz-filozofiaja\/\">Test \u2013 L\u00e9lek\u00a0\u2013 Szellem<\/a> h\u00e1rmass\u00e1g\u00e1ban kell gondolkodnunk \u00e9s tev\u00e9kenykedn\u00fcnk ahhoz, hogy felcsillanhasson az anyagban az anyagb\u00f3l val\u00f3 kiemelked\u00e9s lehet\u0151s\u00e9ge.<\/em> <\/strong>Egyik t\u00e9nyez\u0151 sem hanyagolhat\u00f3 el vagy emelhet\u0151 ki bel\u0151le a m\u00e1sik kett\u0151 rov\u00e1s\u00e1ra.<\/p>\n<p>Ezen t\u00fal felmer\u00fclt az ig\u00e9ny a nyugati \u00e9s keleti m\u00f3dszerek \u00f6sszehangol\u00e1s\u00e1ra \u00e9s bizonyos helyzetekben ak\u00e1r egym\u00e1sba f\u0171z\u00e9s\u00e9re is. Ezekben a k\u00e9rd\u00e9sekben k\u00f6z\u00f6sen gondolkodva, egym\u00e1st kieg\u00e9sz\u00edtve tudunk egy\u00fcttm\u0171k\u00f6dni, \u00edgy a hozz\u00e1nk fordul\u00f3kon hat\u00e9konyan seg\u00edteni.<\/p>\n<p style=\"text-align: right;\">A Trimagus Csapata<\/p>\n","protected":false},"excerpt":{"rendered":"<p>Koron\u00e1z\u00e1si jogar fels\u0151 d\u00edsze. A h\u00e1l\u00f3v\u00e1 sz\u0151tt, \u00f6nmag\u00e1ba visszat\u00e9r\u0151 fonat a buddhista ikonogr\u00e1fi\u00e1ban a\u00a0 \u201enyolc szerencs\u00e9s jel\u201d egyike. A m\u00e1gikus, \u00f6nmag\u00e1b\u00f3l indul\u00f3 \u00e9s \u00e9rkez\u0151 fon\u00e1s, a teremt\u00e9s v\u00e9gtelens\u00e9g\u00e9t, az el\u0151bukkan\u00f3 \u00e9s elt\u0171n\u0151 id\u0151, a ciklusok \u00f6r\u00f6k v\u00e1ltakoz\u00e1s\u00e1t jelen\u00edtik meg. Minden, ami benn\u00fcnk \u00e9s k\u00f6r\u00fcl\u00f6tt\u00fcnk l\u00e9tez\u0151, \u00e9szlelhet\u0151 val\u00f3s\u00e1g \u201eer\u0151ket\u201d fogad be \u00e9s bocs\u00e1t ki mag\u00e1b\u00f3l. A [&hellip;]<\/p>\n","protected":false},"author":1,"featured_media":743,"parent":0,"menu_order":0,"comment_status":"closed","ping_status":"closed","template":"","meta":{"footnotes":""},"_links":{"self":[{"href":"https:\/\/www.trimagus.hu\/index.php\/wp-json\/wp\/v2\/pages\/14"}],"collection":[{"href":"https:\/\/www.trimagus.hu\/index.php\/wp-json\/wp\/v2\/pages"}],"about":[{"href":"https:\/\/www.trimagus.hu\/index.php\/wp-json\/wp\/v2\/types\/page"}],"author":[{"embeddable":true,"href":"https:\/\/www.trimagus.hu\/index.php\/wp-json\/wp\/v2\/users\/1"}],"replies":[{"embeddable":true,"href":"https:\/\/www.trimagus.hu\/index.php\/wp-json\/wp\/v2\/comments?post=14"}],"version-history":[{"count":13,"href":"https:\/\/www.trimagus.hu\/index.php\/wp-json\/wp\/v2\/pages\/14\/revisions"}],"predecessor-version":[{"id":631,"href":"https:\/\/www.trimagus.hu\/index.php\/wp-json\/wp\/v2\/pages\/14\/revisions\/631"}],"wp:featuredmedia":[{"embeddable":true,"href":"https:\/\/www.trimagus.hu\/index.php\/wp-json\/wp\/v2\/media\/743"}],"wp:attachment":[{"href":"https:\/\/www.trimagus.hu\/index.php\/wp-json\/wp\/v2\/media?parent=14"}],"curies":[{"name":"wp","href":"https:\/\/api.w.org\/{rel}","templated":true}]}}