{"id":140,"date":"2016-02-19T20:35:01","date_gmt":"2016-02-19T20:35:01","guid":{"rendered":"https:\/\/www.trimagus.hu\/?page_id=140"},"modified":"2016-12-08T13:39:26","modified_gmt":"2016-12-08T13:39:26","slug":"erdekessegek","status":"publish","type":"page","link":"https:\/\/www.trimagus.hu\/index.php\/erdekessegek\/","title":{"rendered":"\u00c9rdekess\u00e9gek"},"content":{"rendered":"<p>Kedves L\u00e1togat\u00f3!<\/p>\n<p>Ide olyan anyagokat gy\u0171jt\u00fcnk \u00f6ssze sz\u00e1modra, ami nek\u00fcnk \u00e9let\u00fcnk egy pontj\u00e1n seg\u00edtett:<br \/>\ntanulhattunk bel\u0151le, utat mutatott, er\u0151t mer\u00edthett\u00fcnk&#8230; \u00e9s az inform\u00e1ci\u00f3, amit hordoz, tiszta.<br \/>\n<em>(A lista v\u00e1ltozik \u00e9s b\u0151v\u00fcl.)<\/em><\/p>\n<p>Kellemes felfedez\u00e9st k\u00edv\u00e1nunk!<\/p>\n<p style=\"text-align: right;\">A Trimagus Csapata<\/p>\n","protected":false},"excerpt":{"rendered":"<p>Kedves L\u00e1togat\u00f3! Ide olyan anyagokat gy\u0171jt\u00fcnk \u00f6ssze sz\u00e1modra, ami nek\u00fcnk \u00e9let\u00fcnk egy pontj\u00e1n seg\u00edtett: tanulhattunk bel\u0151le, utat mutatott, er\u0151t mer\u00edthett\u00fcnk&#8230; \u00e9s az inform\u00e1ci\u00f3, amit hordoz, tiszta. (A lista v\u00e1ltozik \u00e9s b\u0151v\u00fcl.) Kellemes felfedez\u00e9st k\u00edv\u00e1nunk! A Trimagus Csapata<\/p>\n","protected":false},"author":1,"featured_media":1239,"parent":0,"menu_order":0,"comment_status":"closed","ping_status":"closed","template":"","meta":{"footnotes":""},"_links":{"self":[{"href":"https:\/\/www.trimagus.hu\/index.php\/wp-json\/wp\/v2\/pages\/140"}],"collection":[{"href":"https:\/\/www.trimagus.hu\/index.php\/wp-json\/wp\/v2\/pages"}],"about":[{"href":"https:\/\/www.trimagus.hu\/index.php\/wp-json\/wp\/v2\/types\/page"}],"author":[{"embeddable":true,"href":"https:\/\/www.trimagus.hu\/index.php\/wp-json\/wp\/v2\/users\/1"}],"replies":[{"embeddable":true,"href":"https:\/\/www.trimagus.hu\/index.php\/wp-json\/wp\/v2\/comments?post=140"}],"version-history":[{"count":9,"href":"https:\/\/www.trimagus.hu\/index.php\/wp-json\/wp\/v2\/pages\/140\/revisions"}],"predecessor-version":[{"id":1240,"href":"https:\/\/www.trimagus.hu\/index.php\/wp-json\/wp\/v2\/pages\/140\/revisions\/1240"}],"wp:featuredmedia":[{"embeddable":true,"href":"https:\/\/www.trimagus.hu\/index.php\/wp-json\/wp\/v2\/media\/1239"}],"wp:attachment":[{"href":"https:\/\/www.trimagus.hu\/index.php\/wp-json\/wp\/v2\/media?parent=140"}],"curies":[{"name":"wp","href":"https:\/\/api.w.org\/{rel}","templated":true}]}}