{"id":152,"date":"2016-02-19T20:44:36","date_gmt":"2016-02-19T20:44:36","guid":{"rendered":"https:\/\/www.trimagus.hu\/?page_id=152"},"modified":"2019-02-09T18:37:59","modified_gmt":"2019-02-09T18:37:59","slug":"ajanlott-filmek","status":"publish","type":"page","link":"https:\/\/www.trimagus.hu\/index.php\/erdekessegek\/ajanlott-filmek\/","title":{"rendered":"Aj\u00e1nlott filmek"},"content":{"rendered":"<p>Kedves L\u00e1togat\u00f3!<\/p>\n<p>Szeretettel aj\u00e1nljuk figyelmedbe az al\u00e1bbi filmeket, ha felt\u00f6lt\u0151d\u00e9sre, inspir\u00e1ci\u00f3ra, tud\u00e1sra szomjazol:<\/p>\n<ul>\n<li><strong><a href=\"https:\/\/hu.wikipedia.org\/wiki\/A_bakancslista\" target=\"_blank\">A bakancslista<\/a><\/strong>\u00a0<em>(amerikai, rendezte: Rob Reiner, f\u0151szerepben: Jack Nicholson, Morgan Freeman)<\/em><\/li>\n<li><strong><a href=\"https:\/\/hu.wikipedia.org\/wiki\/A_b\u00e9k\u00e9s_harcos_\u00fatja\" target=\"_blank\">A b\u00e9k\u00e9s harcos \u00fatja<\/a><\/strong>\u00a0<em>(Dan Millman reg\u00e9nye alapj\u00e1n, rendezte: Victor Salva)<\/em><\/li>\n<li><strong><a href=\"https:\/\/hu.wikipedia.org\/wiki\/A_forr\u00e1s_(film)\" target=\"_blank\">A forr\u00e1s<\/a>\u00a0<\/strong><em>(amerikai, rendezte: Darren Aronovsky, f\u0151szerepben: Hugh Jackman, Rachel Weisz)<\/em><\/li>\n<li><strong><a href=\"https:\/\/asanisimasa.blog.hu\/2003\/05\/29\/asif_kapadia_a_harcos_the_warrior\" target=\"_blank\">A harcos<\/a><\/strong> <em>(indiai, rendezte: Asif Kapadia)<\/em><\/li>\n<li><strong><a href=\"https:\/\/hu.wikipedia.org\/wiki\/Jackie_Chan:_A_katona\" target=\"_blank\">A katona<\/a><\/strong>\u00a0<em>(hongkongi-k\u00ednai, rendezte: Ting Seng, f\u0151szerepben: Jackie Chan)<\/em><\/li>\n<li><strong><a href=\"https:\/\/www.mafab.hu\/movies\/little-buddha-10002.html\" target=\"_blank\">A kis Buddha<\/a><\/strong>\u00a0<em>(brit-francia-olasz-lichtensteini, rendezte: Bernando Bertolucci, f\u0151szerepben: Keanu Reeves, Bridget Fonda)<\/em><\/li>\n<li><strong><a href=\"https:\/\/alovasijasz.hu\/\" target=\"_blank\">A Lovas\u00edj\u00e1sz<\/a><\/strong>\u00a0<em>(magyar, rendezte: Kasz\u00e1s G\u00e9za, f\u0151szerepben: <a href=\"https:\/\/hu.wikipedia.org\/wiki\/Kassai_Lajos\" target=\"_blank\">Kassai Lajos<\/a>)<\/em><\/li>\n<li><strong><a href=\"https:\/\/www.trimagus.hu\/wp-content\/uploads\/2017\/09\/A-Nagy-Fal.jpg\" target=\"_blank\">A Nagy Fal<\/a><\/strong>\u00a0<em>(amerikai, rendezte:\u00a0Zhang Yimou, f\u0151szerepben: Matt Damon,\u00a0Pedro Pascal, Tian Jing, Willem Dafoe)<br \/>\n<\/em>A filmmel kapcsolatban \u00e9rdemes tudni, hogy Matt Damont Kassai Lajos tan\u00edtotta \u00e9s edzette a forgat\u00e1s sor\u00e1n.<\/li>\n<li><strong><a href=\"https:\/\/hu.wikipedia.org\/wiki\/A_rettenthetetlen\" target=\"_blank\">A rettenthetetlen<\/a><\/strong>\u00a0<em>(amerikai, rendezte: Mel Gibson, f\u0151szerepben: Mel Gibson, Sophie Marceau)<\/em><\/li>\n<li><strong><a href=\"https:\/\/hu.wikipedia.org\/wiki\/A_sziget_(film,_2005)\" target=\"_blank\">A sziget<\/a><\/strong>\u00a0<em>(amerikai, rendezte: Michael Bay, f\u0151szerepben: Ewan McGregor, Scarlett Johansson)<\/em><\/li>\n<li><strong><a href=\"https:\/\/hu.wikipedia.org\/wiki\/A_sz\u00edv_bajnokai\" target=\"_blank\">A sz\u00edv bajnokai<\/a><\/strong>\u00a0<em>(amerikai, rendezte: John Lee Hancock, f\u0151szerepben: Sandra Bullock)<\/em><\/li>\n<li><strong><a href=\"https:\/\/hu.wikipedia.org\/wiki\/Avatar_(film)\" target=\"_blank\">Avatar<\/a><\/strong>\u00a0<em>(amerikai, rendezte: James Cameron)<\/em><\/li>\n<li><strong><a href=\"https:\/\/hu.wikipedia.org\/wiki\/Az_egyetlen\" target=\"_blank\">Az egyetlen<\/a><\/strong>\u00a0<em>(amerikai, rendezte: James Wong, f\u0151szerepben: Jet Li, Jason Statham)<\/em><\/li>\n<li><strong><a href=\"https:\/\/hu.wikipedia.org\/wiki\/Az_id\u0151utaz\u00f3_feles\u00e9ge\" target=\"_blank\">Az id\u0151utaz\u00f3 feles\u00e9ge<\/a><\/strong>\u00a0<em>(amerikai, rendezte: Robert Schwentke, producer: Brad Pitt)<\/em><\/li>\n<li><strong><a href=\"https:\/\/www.azsiafilm.hu\/ismertetok\/korea\/221-az-ij-the-bow-hwal-2005\" target=\"_blank\">Az \u00edj<\/a><\/strong>\u00a0<em>(koreai, rendezte: Kim Ki-duk)<\/em><\/li>\n<li><strong><a href=\"https:\/\/hu.wikipedia.org\/wiki\/Az_utols\u00f3_szamur\u00e1j\" target=\"_blank\">Az utols\u00f3 szamur\u00e1j<\/a><\/strong>\u00a0<em>(amerikai-jap\u00e1n, rendezte: Edward Zwick, f\u0151szerepben: Tom Cruise)<\/em><\/li>\n<li><strong><a href=\"https:\/\/hu.wikipedia.org\/wiki\/Constantine,_a_d\u00e9monvad\u00e1sz\" target=\"_blank\">Constantine, a d\u00e9monvad\u00e1sz<\/a><\/strong>\u00a0<em>(amerikai-ausztr\u00e1l, rendezte: Francis Lawrence, f\u0151szerepben: Keanu Reeves)<\/em><\/li>\n<li><strong><a href=\"https:\/\/hu.wikipedia.org\/wiki\/Csillagok_k\u00f6z\u00f6tt\" target=\"_blank\">Csillagok k\u00f6zt<\/a><\/strong>\u00a0<em>(amerikai-brit, rendezte: Christopher Nolan, f\u0151szerepben: Matthew McConaughey)<\/em><\/li>\n<li><strong><a href=\"https:\/\/hu.wikipedia.org\/wiki\/Csokol\u00e1d\u00e9_(film)\" target=\"_blank\">Csokol\u00e1d\u00e9<\/a>\u00a0<\/strong><em>(brit-amerikai, rendezte: Lasse Hallstr\u00f6m, f\u0151szerepben: Johnny Depp, Juliette Binoche)<\/em><\/li>\n<li><strong><a href=\"https:\/\/hu.wikipedia.org\/wiki\/Cs\u00facshat\u00e1s_(film)\" target=\"_blank\">Cs\u00facshat\u00e1s<\/a>\u00a0<\/strong><em>(amerikai, rendezte: Neil Burger, f\u0151szerepben: Bradley Cooper, Robert De Niro)<\/em><\/li>\n<li><strong><a href=\"https:\/\/hu.wikipedia.org\/wiki\/Donnie_Darko\" target=\"_blank\">Donnie Darko<\/a><\/strong>\u00a0<em>(amerikai, rendezte: Richard Kelly, f\u0151szerepben: Jake Gyllenhaal)<\/em><\/li>\n<li><strong><a href=\"https:\/\/hu.wikipedia.org\/wiki\/Eredet_(film)\" target=\"_blank\">Eredet<\/a>\u00a0<\/strong><em>(brit-amerikai, rendezte: Christopher Nolan, f\u0151szerepben: Leonardo DiCaprio)<\/em><\/li>\n<li><strong><a href=\"https:\/\/hu.wikipedia.org\/wiki\/\u00c9letreval\u00f3k\" target=\"_blank\">\u00c9letreval\u00f3k<\/a>\u00a0<\/strong><em>(francia, rendezte: Olivier Nakache, \u00c9ric Toledano) &#8211; igaz t\u00f6rt\u00e9net alapj\u00e1n<\/em><\/li>\n<li><strong><a href=\"https:\/\/hu.wikipedia.org\/wiki\/Feled\u00e9s\" target=\"_blank\">Feled\u00e9s<\/a>\u00a0<\/strong><em>(amerikai, rendezte: Joseph Kosinski, f\u0151szerepben: Tom Cruise, Morgan Freeman)<\/em><\/li>\n<li><strong><a href=\"https:\/\/vilaghelyzete.blogspot.hu\/2012\/12\/felhoatlasz-tokeletes-es-csodalatos.html\" target=\"_blank\">Felh\u0151atlasz<\/a><\/strong>\u00a0<em>(amerikai, rendezte: <a href=\"https:\/\/hu.wikipedia.org\/wiki\/Wachowski_n\u0151v\u00e9rek\" target=\"_blank\">Wachowski testv\u00e9rek<\/a>, f\u0151szerepben: Tom Hanks, Halle Berry)<\/em><\/li>\n<li><strong><a href=\"https:\/\/hu.wikipedia.org\/wiki\/Forr\u00e1sk\u00f3d_(film)\" target=\"_blank\">Forr\u00e1sk\u00f3d<\/a><\/strong>\u00a0<em>(amerikai-francia, rendezte: Duncan Jones, f\u0151szerepben: Jake Gyllenhaal)<\/em><\/li>\n<li><strong><a href=\"https:\/\/hu.wikipedia.org\/wiki\/Gladi\u00e1tor_(film)\" target=\"_blank\">Gladi\u00e1tor<\/a>\u00a0<\/strong><em>(brit-amerikai, rendezte: Ridley Scott, f\u0151szerepben: Russel Crowe)<\/em><\/li>\n<li><strong><a href=\"https:\/\/hu.wikipedia.org\/wiki\/Good_Will_Hunting\" target=\"_blank\">Good Will Hunting<\/a><\/strong>\u00a0<em>(amerikai, rendezte: Gus Van Sant, f\u0151szerepben: Matt Damon, Ben Affleck, Robin Williams)<\/em><\/li>\n<li><strong><a href=\"https:\/\/hu.wikipedia.org\/wiki\/Ha_elj%C3%B6n_Joe_Black\" target=\"_blank\">Ha elj\u00f6n Joe Black<\/a><\/strong>\u00a0<em>(amerikai, rendezte: Martin Brest, f\u0151szerepben: Brad Pitt, Anthony Hopkins)<\/em><\/li>\n<li><strong><a href=\"https:\/\/hu.wikipedia.org\/wiki\/Hal%C3%A1lsoron_(film)\" target=\"_blank\">Hal\u00e1lsoron<\/a>\u00a0<\/strong><em>(amerikai, rendezte: Frank Darabont, f\u0151szerepben: Tom Hanks)<\/em><\/li>\n<li><strong><a href=\"https:\/\/hu.wikipedia.org\/wiki\/H%C3%A1z_a_t%C3%B3n%C3%A1l\" target=\"_blank\">H\u00e1z a t\u00f3n\u00e1l<\/a><\/strong>\u00a0<em>(amerikai-ausztr\u00e1l, rendezte: Alejandro Agresti, f\u0151szerepben: Keanu Reeves, Sandra Bullock)<\/em><\/li>\n<li><strong><a href=\"https:\/\/hu.wikipedia.org\/wiki\/H%C3%A9t_%C3%A9v_Tibetben_(film)\" target=\"_blank\">H\u00e9t \u00e9v Tibetben<\/a><\/strong>\u00a0<em>(francia-amerikai-brit, rendezte:\u00a0Jean-Jacques Annaud, f\u0151szerepben: Brad Pitt)<\/em><\/li>\n<li><strong><a href=\"https:\/\/www.homethemovie.org\/en\" target=\"_blank\">Home<\/a>\u00a0<\/strong><em>(francia, rendezte:\u00a0Yann Arthus-Bertrand)<\/em><\/li>\n<li><strong><a href=\"https:\/\/besecsilla.blog.hu\/2013\/06\/12\/latvany_kinai_modra_yimou_zhang_hos\" target=\"_blank\">H\u0151s<\/a>\u00a0<\/strong><em>(hongkongi-k\u00ednai, rendezte: Yimou Zhang)<\/em><\/li>\n<li><strong><a href=\"https:\/\/hu.wikipedia.org\/wiki\/Jupiter_felemelked\u00e9se\" target=\"_blank\">Jupiter felemelked\u00e9se<\/a><\/strong> <em>(ausztr\u00e1l-amerikai,\u00a0Wachowski testv\u00e9rek, f\u0151szerepben: Mila Kunis, Channing Tatum, Sean Bean)\u00a0<\/em><\/li>\n<li><strong><a href=\"https:\/\/hu.wikipedia.org\/wiki\/Kapit\u00e1ny_\u00e9s_katona:_A_vil\u00e1g_t\u00fals\u00f3_oldal\u00e1n\" target=\"_blank\">Kapit\u00e1ny \u00e9s katona: A vil\u00e1g t\u00fals\u00f3 oldal\u00e1n<\/a><\/strong>\u00a0<em>(amerikai, rendezte: Peter Weir, f\u0151szerepben: Russel Crowe, Paul Bettany)<\/em><\/li>\n<li><strong><a href=\"https:\/\/hu.wikipedia.org\/wiki\/K-PAX_\u2013_A_bels\u0151_bolyg\u00f3\" target=\"_blank\">K-Pax &#8211; A bels\u0151 bolyg\u00f3<\/a><\/strong>\u00a0<em>(n\u00e9met-amerikai-brit, rendezte: Ian Softley, f\u0151szerepben: Kevin Spacey, Jeff Bridges)<\/em><\/li>\n<li><strong><a href=\"https:\/\/hu.wikipedia.org\/wiki\/Kuroszava_Akira\" target=\"_blank\">Kuroszava Akira<\/a><\/strong>\u00a0(jap\u00e1n filmrendez\u0151)\u00a0<strong><a href=\"https:\/\/hu.wikipedia.org\/wiki\/Kuroszava_Akira\" target=\"_blank\">filmjei:<\/a>\u00a0<\/strong>A h\u00e9t szamur\u00e1j, \u00c1lmok, Derszu Uzala, Ran &#8211; K\u00e1osz<\/li>\n<li><strong><a href=\"https:\/\/www.youtube.com\/watch?v=j27ArU56Q7o\" target=\"_blank\">L\u00e9lekt\u0151l l\u00e9lekig<\/a><\/strong>\u00a0<em>(francia, rendezte: R\u00e9gis Wargnier)<\/em><\/li>\n<li><strong><a href=\"https:\/\/hu.wikipedia.org\/wiki\/Lucy_(film)\" target=\"_blank\">Lucy<\/a>\u00a0<\/strong><em>(francia, rendezte: Luc Besson, f\u0151szerepben: Scarlett Johansson, Morgan Freeman)<\/em><\/li>\n<li><strong><a href=\"https:\/\/hu.wikipedia.org\/wiki\/M\u00e1trix_(film)\" target=\"_blank\">M\u00e1trix<\/a>\u00a0<\/strong><em>(amerikai-ausztr\u00e1l tril\u00f3gia, rendezte: Wachowski testv\u00e9rek, f\u0151szerepben: Keanu Reeves)<\/em><\/li>\n<li><strong><a href=\"https:\/\/hu.wikipedia.org\/wiki\/Ment\u0151exped\u00edci\u00f3_(film)\" target=\"_blank\">Ment\u0151exped\u00edci\u00f3<\/a>\u00a0<\/strong><em>(amerikai, rendezte: Ridley Scott, f\u0151szerepben: Matt Damon)<\/em><\/li>\n<li><a href=\"https:\/\/hu.wikipedia.org\/wiki\/Miel\u0151tt_felkel_a_Nap\" target=\"_blank\"><strong>Miel\u0151tt&#8230; tril\u00f3gia:<\/strong><\/a> <strong>Miel\u0151tt felkel a Nap, Miel\u0151tt lemegy a Nap, Miel\u0151tt \u00e9jf\u00e9lt \u00fct az \u00f3ra<\/strong>\u00a0<em>(amerikai-osztr\u00e1k-sv\u00e1jci, rendezte: Richard Linklater, f\u0151szerepben: Ethan Hawke, Julie Delpy)<\/em><\/li>\n<li><strong><a href=\"https:\/\/mr-nabucco.x3.hu\/?p=1455\" target=\"_blank\">Nosso lar &#8211; Az otthonunk<\/a><\/strong>\u00a0<em>(Chico Xavier brazil \u00edr\u00f3 \u00e9s m\u00e9dium reg\u00e9nye alapj\u00e1n, rendezte: Wagner de Assis)<\/em><\/li>\n<li><strong><a href=\"https:\/\/hu.wikipedia.org\/wiki\/Pillang\u00f3-hat\u00e1s\" target=\"_blank\">Pillang\u00f3-hat\u00e1s<\/a>\u00a0<\/strong><em>(amerikai, rendezte: Eric Bress, J. Mackye Gruber, f\u0151szerepben: Ashton Kutcher, Amy Smart)<\/em><\/li>\n<li><strong><a href=\"https:\/\/hu.wikipedia.org\/wiki\/Revolver_(film,_2005)\" target=\"_blank\">Revolver<\/a><\/strong> <em>(brit-francia, rendezte: Guy Ritchie, f\u0151szerepben: Jason Statham)<\/em><\/li>\n<li><strong><a href=\"https:\/\/hu.wikipedia.org\/wiki\/Samsara_\u2013_a_l\u00e9t_\u00f6r\u00f6k_k\u00f6rforg\u00e1sa\" target=\"_blank\">Samsara &#8211; a l\u00e9t \u00f6r\u00f6k k\u00f6rforg\u00e1sa<\/a><\/strong>\u00a0<em>(amerikai, rendezte: Ron Fricke)<\/em><\/li>\n<li><strong><a href=\"https:\/\/hu.wikipedia.org\/wiki\/Sors\u00fcgyn\u00f6ks\u00e9g\" target=\"_blank\">Sors\u00fcgyn\u00f6ks\u00e9g<\/a>\u00a0<\/strong><em>(amerikai, rendezte: George Nolfi, f\u0151szerepben: Matt Damon, Emily Blunt)<\/em><\/li>\n<li><strong><a href=\"https:\/\/hu.wikipedia.org\/wiki\/Tavasz,_ny\u00e1r,_\u0151sz,_t\u00e9l\u2026_\u00e9s_tavasz\" target=\"_blank\">Tavasz, ny\u00e1r, \u0151sz, t\u00e9l&#8230; \u00e9s tavasz<\/a><\/strong>\u00a0<em>(koreai, rendezte: Kim Ki-dok)<\/em><\/li>\n<li><strong><a href=\"https:\/\/hu.wikipedia.org\/wiki\/Transzcendens_(film)\" target=\"_blank\">Transzcendens<\/a><\/strong>\u00a0<em>(k\u00ednai-amerikai, rendezte: Wally Pfister, f\u0151szerepben: Johnny Depp)<\/em><\/li>\n<li><a href=\"https:\/\/hu.wikipedia.org\/wiki\/Utaz\u00f3k_(film,_2016)\" target=\"_blank\"><strong>Utaz\u00f3k<\/strong><\/a>\u00a0<em>(amerikai-ausztr\u00e1l, rendezte: Morten Tyldum, f\u0151szerepben: Jennifer Lawrence, Chris Pratt)<\/em><\/li>\n<li><strong><a href=\"https:\/\/hu.wikipedia.org\/wiki\/Viharsziget_(film)\" target=\"_blank\">Viharsziget<\/a>\u00a0<\/strong><em>(amerikai, rendezte: Martin Scorsese, f\u0151szerepben: Leonardo DiCaprio, Mark Ruffalo)<\/em><\/li>\n<li><strong><a href=\"https:\/\/hu.wikipedia.org\/wiki\/Vil\u00e1gok_arca:_Baraka\" target=\"_blank\">Vil\u00e1gok arca: Baraka<\/a><\/strong>\u00a0<em>(amerikai, rendezte: Ron Fricke, zene: <a href=\"https:\/\/hu.wikipedia.org\/wiki\/Dead_Can_Dance\" target=\"_blank\">Dead Can Dance<\/a>)<\/em><\/li>\n<\/ul>\n<p><em>Ha egyszerre szeretn\u00e9l kellemesen kikapcsol\u00f3dni \u00e9s tanulni is ek\u00f6zben \ud83d\ude42<\/em><\/p>\n<ul>\n<li><em><strong><a href=\"https:\/\/hu.wikipedia.org\/wiki\/A_galaxis_\u0151rz\u0151i\" target=\"_blank\">A Galaxis \u0151rz\u0151i<\/a><\/strong>\u00a0<strong>Vol. 1. &amp; 2.<\/strong> (amerikai, rendezte: James Gunn, f\u0151szerepben: Chris Pratt)<\/em><\/li>\n<li><em><strong><a href=\"https:\/\/hu.wikipedia.org\/wiki\/A_Gy\u0171r\u0171k_Ura_(filmsorozat)\" target=\"_blank\">A Gy\u0171r\u0171k Ura<\/a><\/strong> (amerikai, tril\u00f3gia, <a href=\"https:\/\/hu.wikipedia.org\/wiki\/J._R._R._Tolkien\" target=\"_blank\">J. R. R. Tolkien<\/a> <a href=\"https:\/\/hu.wikipedia.org\/wiki\/A_Gy\u0171r\u0171k_Ura\" target=\"_blank\">reg\u00e9nye alapj\u00e1n<\/a>, rendezte: Peter Jackson, zene: Howard Shore)<\/em><\/li>\n<li><strong><em><a href=\"https:\/\/hu.wikipedia.org\/wiki\/A_var\u00e1zsl\u00f3tanonc\" target=\"_blank\">A var\u00e1zsl\u00f3tanonc<\/a><\/em><\/strong> <em>(amerikai, rendezte: Jon Turteltaub, f\u0151szerepben: Nicolas Cage, Alfred Molina)<\/em><\/li>\n<li><em><strong><a href=\"https:\/\/hu.wikipedia.org\/wiki\/Csillagok_h\u00e1bor\u00faja\" target=\"_blank\">Csillagok h\u00e1bor\u00faja<\/a><\/strong>\u00a0(amerikai filmsorozat, rendezte: George Lucas)<\/em><\/li>\n<li><em><strong><a href=\"https:\/\/hu.wikipedia.org\/wiki\/Harry_Potter_(filmsorozat)\" target=\"_blank\">Harry Potter<\/a><\/strong>\u00a0(brit filmsorozat, <a href=\"https:\/\/hu.wikipedia.org\/wiki\/Harry_Potter\" target=\"_blank\">J. K. Rowling reg\u00e9nye alapj\u00e1n<\/a>)<\/em><\/li>\n<li><em><strong><a href=\"https:\/\/hu.wikipedia.org\/wiki\/Perzsia_hercege:_Az_id\u0151_homokja\" target=\"_blank\">Perzsia hercege: Az id\u0151 homokja<\/a><\/strong>\u00a0(amerikai, rendezte: Mike Newell, f\u0151szerepben: Jake Gyllenhaal)<\/em><\/li>\n<li><em><strong><a href=\"https:\/\/hu.wikipedia.org\/wiki\/Thor_(film)\" target=\"_blank\">Thor<\/a>\u00a0<\/strong>(amerikai, rendezte: Kenneth Branagh, f\u0151szerepben: Chris Hemsworth)<\/em><\/li>\n<\/ul>\n<p style=\"text-align: right;\">A Trimagus Csapata<\/p>\n","protected":false},"excerpt":{"rendered":"<p>Kedves L\u00e1togat\u00f3! Szeretettel aj\u00e1nljuk figyelmedbe az al\u00e1bbi filmeket, ha felt\u00f6lt\u0151d\u00e9sre, inspir\u00e1ci\u00f3ra, tud\u00e1sra szomjazol: A bakancslista\u00a0(amerikai, rendezte: Rob Reiner, f\u0151szerepben: Jack Nicholson, Morgan Freeman) A b\u00e9k\u00e9s harcos \u00fatja\u00a0(Dan Millman reg\u00e9nye alapj\u00e1n, rendezte: Victor Salva) A forr\u00e1s\u00a0(amerikai, rendezte: Darren Aronovsky, f\u0151szerepben: Hugh Jackman, Rachel Weisz) A harcos (indiai, rendezte: Asif Kapadia) A katona\u00a0(hongkongi-k\u00ednai, rendezte: Ting Seng, f\u0151szerepben: [&hellip;]<\/p>\n","protected":false},"author":1,"featured_media":1255,"parent":140,"menu_order":0,"comment_status":"closed","ping_status":"closed","template":"","meta":{"footnotes":""},"_links":{"self":[{"href":"https:\/\/www.trimagus.hu\/index.php\/wp-json\/wp\/v2\/pages\/152"}],"collection":[{"href":"https:\/\/www.trimagus.hu\/index.php\/wp-json\/wp\/v2\/pages"}],"about":[{"href":"https:\/\/www.trimagus.hu\/index.php\/wp-json\/wp\/v2\/types\/page"}],"author":[{"embeddable":true,"href":"https:\/\/www.trimagus.hu\/index.php\/wp-json\/wp\/v2\/users\/1"}],"replies":[{"embeddable":true,"href":"https:\/\/www.trimagus.hu\/index.php\/wp-json\/wp\/v2\/comments?post=152"}],"version-history":[{"count":111,"href":"https:\/\/www.trimagus.hu\/index.php\/wp-json\/wp\/v2\/pages\/152\/revisions"}],"predecessor-version":[{"id":2109,"href":"https:\/\/www.trimagus.hu\/index.php\/wp-json\/wp\/v2\/pages\/152\/revisions\/2109"}],"up":[{"embeddable":true,"href":"https:\/\/www.trimagus.hu\/index.php\/wp-json\/wp\/v2\/pages\/140"}],"wp:featuredmedia":[{"embeddable":true,"href":"https:\/\/www.trimagus.hu\/index.php\/wp-json\/wp\/v2\/media\/1255"}],"wp:attachment":[{"href":"https:\/\/www.trimagus.hu\/index.php\/wp-json\/wp\/v2\/media?parent=152"}],"curies":[{"name":"wp","href":"https:\/\/api.w.org\/{rel}","templated":true}]}}