{"id":20,"date":"2016-02-17T22:30:20","date_gmt":"2016-02-17T22:30:20","guid":{"rendered":"https:\/\/www.trimagus.hu\/?page_id=20"},"modified":"2016-11-08T12:39:50","modified_gmt":"2016-11-08T12:39:50","slug":"a-tlsz-filozofiaja","status":"publish","type":"page","link":"https:\/\/www.trimagus.hu\/index.php\/rolunk\/kuldetesunk\/a-tlsz-filozofiaja\/","title":{"rendered":"A TLSz filoz\u00f3fi\u00e1ja"},"content":{"rendered":"<p style=\"text-align: justify;\">Kulcsfiloz\u00f3fi\u00e1nk a <strong>Test-L\u00e9lek-Szellem<\/strong> szenth\u00e1rmass\u00e1g\u00e1nak min\u00e9l t\u00f6k\u00e9letesebb fizikai-, lelki-, \u00e9s energetikai szinten t\u00f6rt\u00e9n\u0151 meg\u00e9l\u00e9se, \u00e9s folyamatos t\u00f6k\u00e9letes\u00edt\u00e9se.<\/p>\n<p style=\"text-align: justify;\">Ehhez szeretn\u00e9nk minden Kedves \u00c9rdekl\u0151d\u0151nek hat\u00e9kony t\u00e1mogat\u00e1st \u00e9s a gyakorlatban is \u2013 napi szinten \u2013 alkalmazhat\u00f3 technik\u00e1kat \u00e9s m\u00f3dszereket \u00e1tadni.<\/p>\n<p style=\"text-align: justify;\"><strong>Mit \u00e9rt\u00fcnk ezalatt?<\/strong><\/p>\n<p style=\"text-align: justify;\">Jelen k\u00f6r\u00fclm\u00e9nyeink k\u00f6z\u00f6tt itt a F\u00f6ld nev\u0171 csod\u00e1latos bolyg\u00f3n fizikai test\u00fcnk k\u00e9zzelfoghat\u00f3, \u201edurvaanyagi\u201d megjelen\u00e9s\u00e9n t\u00fal mindannyian jelen vagyunk \u201efinomanyagi\u201d szinteken is.<br \/>\nEzt gy\u0171jt\u0151 n\u00e9vvel \u2013 az egyszer\u0171s\u00e9g kedv\u00e9\u00e9rt \u2013 nevezz\u00fck l\u00e9leknek \u00e9s szellemnek.<\/p>\n<p style=\"text-align: center;\"><strong><em>Minden f\u00f6ldi \u00e9let f\u0151 c\u00e9lja \u00e9s feladata,<\/em><\/strong><strong> <em>\u2013 a tapasztal\u00e1sokon t\u00fal \u2013<\/em> <em>hogy szelleme seg\u00edts\u00e9g\u00e9vel lelk\u00e9t k\u00e9pes legyen kiemelni a szem\u00e9lyis\u00e9g\u00e9b\u0151l.<\/em><\/strong><\/p>\n<p>Az \u0151si b\u00f6lcseletekben ezt nevezz\u00fck <strong>megvil\u00e1gosod\u00e1snak<\/strong>. Aki erre k\u00e9pess\u00e9 v\u00e1lik, az megvil\u00e1gosodott.<br \/>\nEzt kitart\u00f3, rendszeres \u00e9s folyamatos munk\u00e1val \u00e9rhetj\u00fck el, \u00e9s egy\u00e1ltal\u00e1n nem biztos, hogy egy \u00e9let elegend\u0151 r\u00e1\u2026 Ez sok t\u00e9nyez\u0151t\u0151l f\u00fcgg.<\/p>\n<p>Az \u00e1ltalunk haszn\u00e1lt \u00e9s \u00e1tad\u00e1sra ker\u00fcl\u0151 technik\u00e1k seg\u00edts\u00e9g\u00e9vel arra t\u00f6reksz\u00fcnk, hogy mind a h\u00e1rom szintre hat\u00e1ssal tudjunk lenni. Ez jelent\u0151sen n\u00f6veli a hat\u00e9konys\u00e1got \u00e9s gyors\u00edtja az egy\u00e9ni fejl\u0151d\u00e9st.<br \/>\nKor\u00e1bban szinte elk\u00e9pzelhetetlen lett volna egy-egy \u00e9let alatt ilyen nagyfok\u00fa el\u0151rel\u00e9p\u00e9st el\u00e9rni.<\/p>\n<p>Az adott \u00e9lethelyzett\u0151l \u00e9s egy\u00e9ni konstrukci\u00f3t\u00f3l f\u00fcgg\u0151en elt\u00e9r\u0151 lehet, hogy melyik s\u00edkon van sz\u00fcks\u00e9g t\u00f6bb munk\u00e1ra \u00e9s melyiken kevesebbre.<\/p>\n<p>Ha felkeltett\u00fck az \u00e9rdekl\u0151d\u00e9sed \u00e9s szolg\u00e1latodra lehet\u00fcnk, keress benn\u00fcnket bizalommal.<\/p>\n<p style=\"text-align: right;\">A Trimagus Csapata<\/p>\n","protected":false},"excerpt":{"rendered":"<p>Kulcsfiloz\u00f3fi\u00e1nk a Test-L\u00e9lek-Szellem szenth\u00e1rmass\u00e1g\u00e1nak min\u00e9l t\u00f6k\u00e9letesebb fizikai-, lelki-, \u00e9s energetikai szinten t\u00f6rt\u00e9n\u0151 meg\u00e9l\u00e9se, \u00e9s folyamatos t\u00f6k\u00e9letes\u00edt\u00e9se. Ehhez szeretn\u00e9nk minden Kedves \u00c9rdekl\u0151d\u0151nek hat\u00e9kony t\u00e1mogat\u00e1st \u00e9s a gyakorlatban is \u2013 napi szinten \u2013 alkalmazhat\u00f3 technik\u00e1kat \u00e9s m\u00f3dszereket \u00e1tadni. Mit \u00e9rt\u00fcnk ezalatt? Jelen k\u00f6r\u00fclm\u00e9nyeink k\u00f6z\u00f6tt itt a F\u00f6ld nev\u0171 csod\u00e1latos bolyg\u00f3n fizikai test\u00fcnk k\u00e9zzelfoghat\u00f3, \u201edurvaanyagi\u201d megjelen\u00e9s\u00e9n t\u00fal mindannyian [&hellip;]<\/p>\n","protected":false},"author":1,"featured_media":375,"parent":11,"menu_order":0,"comment_status":"closed","ping_status":"closed","template":"","meta":{"footnotes":""},"_links":{"self":[{"href":"https:\/\/www.trimagus.hu\/index.php\/wp-json\/wp\/v2\/pages\/20"}],"collection":[{"href":"https:\/\/www.trimagus.hu\/index.php\/wp-json\/wp\/v2\/pages"}],"about":[{"href":"https:\/\/www.trimagus.hu\/index.php\/wp-json\/wp\/v2\/types\/page"}],"author":[{"embeddable":true,"href":"https:\/\/www.trimagus.hu\/index.php\/wp-json\/wp\/v2\/users\/1"}],"replies":[{"embeddable":true,"href":"https:\/\/www.trimagus.hu\/index.php\/wp-json\/wp\/v2\/comments?post=20"}],"version-history":[{"count":3,"href":"https:\/\/www.trimagus.hu\/index.php\/wp-json\/wp\/v2\/pages\/20\/revisions"}],"predecessor-version":[{"id":186,"href":"https:\/\/www.trimagus.hu\/index.php\/wp-json\/wp\/v2\/pages\/20\/revisions\/186"}],"up":[{"embeddable":true,"href":"https:\/\/www.trimagus.hu\/index.php\/wp-json\/wp\/v2\/pages\/11"}],"wp:featuredmedia":[{"embeddable":true,"href":"https:\/\/www.trimagus.hu\/index.php\/wp-json\/wp\/v2\/media\/375"}],"wp:attachment":[{"href":"https:\/\/www.trimagus.hu\/index.php\/wp-json\/wp\/v2\/media?parent=20"}],"curies":[{"name":"wp","href":"https:\/\/api.w.org\/{rel}","templated":true}]}}