{"id":2062,"date":"2019-01-27T19:34:20","date_gmt":"2019-01-27T19:34:20","guid":{"rendered":"https:\/\/www.trimagus.hu\/?page_id=2062"},"modified":"2019-01-27T19:35:01","modified_gmt":"2019-01-27T19:35:01","slug":"a-tarot-es-az-esszencialis-illoolajok","status":"publish","type":"page","link":"https:\/\/www.trimagus.hu\/index.php\/kepzesek\/a-tarot-es-az-esszencialis-illoolajok\/","title":{"rendered":"A Tarot \u00e9s az esszenci\u00e1lis ill\u00f3olajok"},"content":{"rendered":"<p>A Tarot a beavat\u00e1s \u00fatja, melyben a nagy \u00e1rk\u00e1num 22 k\u00e1rty\u00e1ja a beavat\u00f3 \u00fat egy-egy \u00e1llom\u00e1sa.<br \/>\nEzzel a k\u00e9pz\u00e9s\u00fcnkkel a gyakorlatban elsaj\u00e1t\u00edthat\u00f3, \u00e9s a h\u00e9tk\u00f6znapok sor\u00e1n alkalmazhat\u00f3 tud\u00e1st szeretn\u00e9nk Neked \u00e1tadni. A tanfolyam sor\u00e1n megismerked\u00fcnk a 22 k\u00e1rtyalap szimbolik\u00e1j\u00e1val \u00e9s jelent\u00e9s\u00e9vel. Megtanuljuk a haszn\u00e1lat\u00e1t, hogy a tov\u00e1bbiakban minden r\u00e9sztvev\u0151 \u00f6n\u00e1ll\u00f3an tudja alkalmazni, \u00e9s \u00fajabb felfedez\u00e9sekkel gazdag\u00edtani eszk\u00f6zt\u00e1r\u00e1t. Megvizsg\u00e1ljuk, melyek azok az esszenci\u00e1lis ill\u00f3olajok, &#8211; egy\u00e1ltal\u00e1n mik ezek &#8211; melyek t\u00e1mogatnak benn\u00fcnket az egyes \u00e9lethelyzetekben, folyamatokban, az el\u00e9nk g\u00f6rd\u00fcl\u0151 akad\u00e1lyok elh\u00e1r\u00edt\u00e1sa sor\u00e1n. Megtanuljuk \u0151ket tudatosan \u00f6nmagunk szolg\u00e1lat\u00e1ba \u00e1ll\u00edtani.<br \/>\nA k\u00e1rtyacsomag \u00e9s az olajk\u00e9szlet kit\u0171n\u0151 b\u00e1zisa \u00e9s z\u00e1szl\u00f3s haj\u00f3ja lehet a h\u00e9tk\u00f6znapi helyzetek megold\u00e1s\u00e1nak. S\u0151t, megfelel\u0151 haszn\u00e1lattal szellemi utunkon jelz\u0151f\u00e9nyk\u00e9nt vil\u00e1g\u00edthat.<\/p>\n","protected":false},"excerpt":{"rendered":"<p>A Tarot a beavat\u00e1s \u00fatja, melyben a nagy \u00e1rk\u00e1num 22 k\u00e1rty\u00e1ja a beavat\u00f3 \u00fat egy-egy \u00e1llom\u00e1sa. Ezzel a k\u00e9pz\u00e9s\u00fcnkkel a gyakorlatban elsaj\u00e1t\u00edthat\u00f3, \u00e9s a h\u00e9tk\u00f6znapok sor\u00e1n alkalmazhat\u00f3 tud\u00e1st szeretn\u00e9nk Neked \u00e1tadni. A tanfolyam sor\u00e1n megismerked\u00fcnk a 22 k\u00e1rtyalap szimbolik\u00e1j\u00e1val \u00e9s jelent\u00e9s\u00e9vel. Megtanuljuk a haszn\u00e1lat\u00e1t, hogy a tov\u00e1bbiakban minden r\u00e9sztvev\u0151 \u00f6n\u00e1ll\u00f3an tudja alkalmazni, \u00e9s \u00fajabb felfedez\u00e9sekkel [&hellip;]<\/p>\n","protected":false},"author":1,"featured_media":2072,"parent":45,"menu_order":0,"comment_status":"closed","ping_status":"closed","template":"","meta":{"footnotes":""},"_links":{"self":[{"href":"https:\/\/www.trimagus.hu\/index.php\/wp-json\/wp\/v2\/pages\/2062"}],"collection":[{"href":"https:\/\/www.trimagus.hu\/index.php\/wp-json\/wp\/v2\/pages"}],"about":[{"href":"https:\/\/www.trimagus.hu\/index.php\/wp-json\/wp\/v2\/types\/page"}],"author":[{"embeddable":true,"href":"https:\/\/www.trimagus.hu\/index.php\/wp-json\/wp\/v2\/users\/1"}],"replies":[{"embeddable":true,"href":"https:\/\/www.trimagus.hu\/index.php\/wp-json\/wp\/v2\/comments?post=2062"}],"version-history":[{"count":8,"href":"https:\/\/www.trimagus.hu\/index.php\/wp-json\/wp\/v2\/pages\/2062\/revisions"}],"predecessor-version":[{"id":2070,"href":"https:\/\/www.trimagus.hu\/index.php\/wp-json\/wp\/v2\/pages\/2062\/revisions\/2070"}],"up":[{"embeddable":true,"href":"https:\/\/www.trimagus.hu\/index.php\/wp-json\/wp\/v2\/pages\/45"}],"wp:featuredmedia":[{"embeddable":true,"href":"https:\/\/www.trimagus.hu\/index.php\/wp-json\/wp\/v2\/media\/2072"}],"wp:attachment":[{"href":"https:\/\/www.trimagus.hu\/index.php\/wp-json\/wp\/v2\/media?parent=2062"}],"curies":[{"name":"wp","href":"https:\/\/api.w.org\/{rel}","templated":true}]}}