{"id":423,"date":"2016-03-01T21:42:15","date_gmt":"2016-03-01T21:42:15","guid":{"rendered":"https:\/\/www.trimagus.hu\/?page_id=423"},"modified":"2016-03-05T20:54:14","modified_gmt":"2016-03-05T20:54:14","slug":"tudas-ter","status":"publish","type":"page","link":"https:\/\/www.trimagus.hu\/index.php\/tudas-ter\/","title":{"rendered":"Tud\u00e1s-t\u00e9r"},"content":{"rendered":"<p style=\"text-align: justify;\">Kedves L\u00e1togat\u00f3!<\/p>\n<p style=\"text-align: justify;\">Az \u00c9ternek ezt a szegmens\u00e9t legjobb tud\u00e1sunk szerint igyeksz\u00fcnk sz\u00e1modra tiszt\u00e1n tartani.<\/p>\n<p style=\"text-align: justify;\"><em>Mit \u00e9rt\u00fcnk ez alatt?<\/em><br \/>\nIde olyan saj\u00e1t \u00edr\u00e1sainkat gy\u0171jtj\u00fck \u00f6ssze, melyekb\u0151l tiszta inform\u00e1ci\u00f3khoz juthatsz. Ezeket el\u0151zetesen megh\u00e1moztuk, megmostuk, megtiszt\u00edtottuk, \u00e1tsz\u0171rt\u00fck, kik\u00eds\u00e9rletezt\u00fck, megtapasztaltuk&#8230; stb. Ha az itt k\u00f6zz\u00e9tettek k\u00f6z\u00fcl b\u00e1rmivel kapcsolatban k\u00e9rd\u00e9s vagy k\u00e9tely mer\u00fclne fel Benned, k\u00e9r\u00fcnk, vedd fel a kapcsolatot a t\u00e9mafelel\u0151ssel.<\/p>\n<p style=\"text-align: justify;\">\u00c9rdekl\u0151d\u00e9seddel \u00e9s k\u00edv\u00e1ncsis\u00e1goddal megtisztelsz minket.<br \/>\nK\u00f6sz\u00f6nj\u00fck!<\/p>\n<p style=\"text-align: right;\">A Trimagus Csapata<\/p>\n","protected":false},"excerpt":{"rendered":"<p>Kedves L\u00e1togat\u00f3! Az \u00c9ternek ezt a szegmens\u00e9t legjobb tud\u00e1sunk szerint igyeksz\u00fcnk sz\u00e1modra tiszt\u00e1n tartani. Mit \u00e9rt\u00fcnk ez alatt? Ide olyan saj\u00e1t \u00edr\u00e1sainkat gy\u0171jtj\u00fck \u00f6ssze, melyekb\u0151l tiszta inform\u00e1ci\u00f3khoz juthatsz. Ezeket el\u0151zetesen megh\u00e1moztuk, megmostuk, megtiszt\u00edtottuk, \u00e1tsz\u0171rt\u00fck, kik\u00eds\u00e9rletezt\u00fck, megtapasztaltuk&#8230; stb. Ha az itt k\u00f6zz\u00e9tettek k\u00f6z\u00fcl b\u00e1rmivel kapcsolatban k\u00e9rd\u00e9s vagy k\u00e9tely mer\u00fclne fel Benned, k\u00e9r\u00fcnk, vedd fel a kapcsolatot [&hellip;]<\/p>\n","protected":false},"author":1,"featured_media":540,"parent":0,"menu_order":0,"comment_status":"closed","ping_status":"closed","template":"","meta":{"footnotes":""},"_links":{"self":[{"href":"https:\/\/www.trimagus.hu\/index.php\/wp-json\/wp\/v2\/pages\/423"}],"collection":[{"href":"https:\/\/www.trimagus.hu\/index.php\/wp-json\/wp\/v2\/pages"}],"about":[{"href":"https:\/\/www.trimagus.hu\/index.php\/wp-json\/wp\/v2\/types\/page"}],"author":[{"embeddable":true,"href":"https:\/\/www.trimagus.hu\/index.php\/wp-json\/wp\/v2\/users\/1"}],"replies":[{"embeddable":true,"href":"https:\/\/www.trimagus.hu\/index.php\/wp-json\/wp\/v2\/comments?post=423"}],"version-history":[{"count":10,"href":"https:\/\/www.trimagus.hu\/index.php\/wp-json\/wp\/v2\/pages\/423\/revisions"}],"predecessor-version":[{"id":541,"href":"https:\/\/www.trimagus.hu\/index.php\/wp-json\/wp\/v2\/pages\/423\/revisions\/541"}],"wp:featuredmedia":[{"embeddable":true,"href":"https:\/\/www.trimagus.hu\/index.php\/wp-json\/wp\/v2\/media\/540"}],"wp:attachment":[{"href":"https:\/\/www.trimagus.hu\/index.php\/wp-json\/wp\/v2\/media?parent=423"}],"curies":[{"name":"wp","href":"https:\/\/api.w.org\/{rel}","templated":true}]}}