{"id":45,"date":"2016-02-19T17:44:43","date_gmt":"2016-02-19T17:44:43","guid":{"rendered":"https:\/\/www.trimagus.hu\/?page_id=45"},"modified":"2016-03-22T20:31:55","modified_gmt":"2016-03-22T20:31:55","slug":"kepzesek","status":"publish","type":"page","link":"https:\/\/www.trimagus.hu\/index.php\/kepzesek\/","title":{"rendered":"K\u00c9PZ\u00c9SEK"},"content":{"rendered":"<p>K\u00e9pz\u00e9seink \u00fagy v\u00e1logattuk \u00f6ssze, hogy mindenki sz\u00e1m\u00e1ra el\u00e9rhet\u0151v\u00e9 v\u00e1ljon az a tud\u00e1s, amit az \u00e9rdekl\u0151d\u0151 \u00f6nmaga \u00e9s k\u00f6rnyezete jav\u00e1ra ford\u00edtva, a mindennapjaiba be\u00e9p\u00edtve haszn\u00e1lni tud. Seg\u00edts\u00e9g\u00fckkel teljesebb \u00e9s kiegyens\u00falyozottabb \u00e9letet \u00e9lhet\u00fcnk.<\/p>\n<p style=\"text-align: right;\">A Trimagus Csapata<\/p>\n","protected":false},"excerpt":{"rendered":"<p>K\u00e9pz\u00e9seink \u00fagy v\u00e1logattuk \u00f6ssze, hogy mindenki sz\u00e1m\u00e1ra el\u00e9rhet\u0151v\u00e9 v\u00e1ljon az a tud\u00e1s, amit az \u00e9rdekl\u0151d\u0151 \u00f6nmaga \u00e9s k\u00f6rnyezete jav\u00e1ra ford\u00edtva, a mindennapjaiba be\u00e9p\u00edtve haszn\u00e1lni tud. Seg\u00edts\u00e9g\u00fckkel teljesebb \u00e9s kiegyens\u00falyozottabb \u00e9letet \u00e9lhet\u00fcnk. A Trimagus Csapata<\/p>\n","protected":false},"author":1,"featured_media":407,"parent":0,"menu_order":0,"comment_status":"closed","ping_status":"closed","template":"","meta":{"footnotes":""},"_links":{"self":[{"href":"https:\/\/www.trimagus.hu\/index.php\/wp-json\/wp\/v2\/pages\/45"}],"collection":[{"href":"https:\/\/www.trimagus.hu\/index.php\/wp-json\/wp\/v2\/pages"}],"about":[{"href":"https:\/\/www.trimagus.hu\/index.php\/wp-json\/wp\/v2\/types\/page"}],"author":[{"embeddable":true,"href":"https:\/\/www.trimagus.hu\/index.php\/wp-json\/wp\/v2\/users\/1"}],"replies":[{"embeddable":true,"href":"https:\/\/www.trimagus.hu\/index.php\/wp-json\/wp\/v2\/comments?post=45"}],"version-history":[{"count":5,"href":"https:\/\/www.trimagus.hu\/index.php\/wp-json\/wp\/v2\/pages\/45\/revisions"}],"predecessor-version":[{"id":431,"href":"https:\/\/www.trimagus.hu\/index.php\/wp-json\/wp\/v2\/pages\/45\/revisions\/431"}],"wp:featuredmedia":[{"embeddable":true,"href":"https:\/\/www.trimagus.hu\/index.php\/wp-json\/wp\/v2\/media\/407"}],"wp:attachment":[{"href":"https:\/\/www.trimagus.hu\/index.php\/wp-json\/wp\/v2\/media?parent=45"}],"curies":[{"name":"wp","href":"https:\/\/api.w.org\/{rel}","templated":true}]}}