{"id":48,"date":"2016-02-19T17:44:56","date_gmt":"2016-02-19T17:44:56","guid":{"rendered":"https:\/\/www.trimagus.hu\/?page_id=48"},"modified":"2016-03-05T22:08:35","modified_gmt":"2016-03-05T22:08:35","slug":"kezelesek","status":"publish","type":"page","link":"https:\/\/www.trimagus.hu\/index.php\/kezelesek\/","title":{"rendered":"KEZEL\u00c9SEK"},"content":{"rendered":"<p style=\"text-align: justify;\">Kezel\u00e9seink csokr\u00e1t \u00fagy v\u00e1logattuk \u00f6ssze, hogy mindenki sz\u00e1m\u00e1ra el\u00e9rhet\u0151v\u00e9 v\u00e1ljon a <strong>testi \u2013 lelki \u2013 szellemi j\u00f3ll\u00e9t<\/strong>. Ezeket a ter\u00e1pi\u00e1kat k\u00fcl\u00f6n-k\u00fcl\u00f6n, illetve kombin\u00e1ltan is lehet alkalmazni k\u00f6z\u00e9rzet\u00fcnk eredeti harmonikus\u00a0\u00e1llapot\u00e1nak hat\u00e9kony helyre\u00e1ll\u00edt\u00e1s\u00e1ban.<\/p>\n<p style=\"text-align: center;\"><strong>Seg\u00edts\u00e9g\u00fckkel teljesebb \u00e9s kiegyens\u00falyozottabb \u00e9letet \u00e9lhet\u00fcnk.<\/strong><\/p>\n<p style=\"text-align: right;\">A Trimagus Csapata<\/p>\n","protected":false},"excerpt":{"rendered":"<p>Kezel\u00e9seink csokr\u00e1t \u00fagy v\u00e1logattuk \u00f6ssze, hogy mindenki sz\u00e1m\u00e1ra el\u00e9rhet\u0151v\u00e9 v\u00e1ljon a testi \u2013 lelki \u2013 szellemi j\u00f3ll\u00e9t. Ezeket a ter\u00e1pi\u00e1kat k\u00fcl\u00f6n-k\u00fcl\u00f6n, illetve kombin\u00e1ltan is lehet alkalmazni k\u00f6z\u00e9rzet\u00fcnk eredeti harmonikus\u00a0\u00e1llapot\u00e1nak hat\u00e9kony helyre\u00e1ll\u00edt\u00e1s\u00e1ban. Seg\u00edts\u00e9g\u00fckkel teljesebb \u00e9s kiegyens\u00falyozottabb \u00e9letet \u00e9lhet\u00fcnk. A Trimagus Csapata<\/p>\n","protected":false},"author":1,"featured_media":547,"parent":0,"menu_order":0,"comment_status":"closed","ping_status":"closed","template":"","meta":{"footnotes":""},"_links":{"self":[{"href":"https:\/\/www.trimagus.hu\/index.php\/wp-json\/wp\/v2\/pages\/48"}],"collection":[{"href":"https:\/\/www.trimagus.hu\/index.php\/wp-json\/wp\/v2\/pages"}],"about":[{"href":"https:\/\/www.trimagus.hu\/index.php\/wp-json\/wp\/v2\/types\/page"}],"author":[{"embeddable":true,"href":"https:\/\/www.trimagus.hu\/index.php\/wp-json\/wp\/v2\/users\/1"}],"replies":[{"embeddable":true,"href":"https:\/\/www.trimagus.hu\/index.php\/wp-json\/wp\/v2\/comments?post=48"}],"version-history":[{"count":4,"href":"https:\/\/www.trimagus.hu\/index.php\/wp-json\/wp\/v2\/pages\/48\/revisions"}],"predecessor-version":[{"id":543,"href":"https:\/\/www.trimagus.hu\/index.php\/wp-json\/wp\/v2\/pages\/48\/revisions\/543"}],"wp:featuredmedia":[{"embeddable":true,"href":"https:\/\/www.trimagus.hu\/index.php\/wp-json\/wp\/v2\/media\/547"}],"wp:attachment":[{"href":"https:\/\/www.trimagus.hu\/index.php\/wp-json\/wp\/v2\/media?parent=48"}],"curies":[{"name":"wp","href":"https:\/\/api.w.org\/{rel}","templated":true}]}}