{"id":503,"date":"2016-03-05T17:21:39","date_gmt":"2016-03-05T17:21:39","guid":{"rendered":"https:\/\/www.trimagus.hu\/?page_id=503"},"modified":"2018-11-09T13:09:21","modified_gmt":"2018-11-09T13:09:21","slug":"kelet","status":"publish","type":"page","link":"https:\/\/www.trimagus.hu\/index.php\/tudas-ter\/kelet\/","title":{"rendered":"KELET"},"content":{"rendered":"<ul>\n<li><a href=\"https:\/\/www.trimagus.hu\/wp-content\/uploads\/2016\/04\/A_chikung_alkalmazasi_teruletei.pdf\" target=\"_blank\">A Chikung alkalmaz\u00e1si ter\u00fcletei<\/a> (pdf)<\/li>\n<li><a href=\"https:\/\/www.trimagus.hu\/wp-content\/uploads\/2016\/04\/Chikung_torteneti_attekintes.pdf\" target=\"_blank\">A Chikung eredete \u00e9s t\u00f6rt\u00e9neti m\u00faltj\u00e1nak r\u00f6vid \u00e1ttekint\u00e9se<\/a>\u00a0(pdf)<\/li>\n<li><a href=\"https:\/\/www.trimagus.hu\/wp-content\/uploads\/2016\/04\/Kinai_asztro.pdf\" target=\"_blank\">A k\u00ednai eg\u00e9szs\u00e9g\u00fcgyi asztrol\u00f3gia jelent\u0151s\u00e9ge<\/a> (pdf)<\/li>\n<li><a href=\"https:\/\/www.trimagus.hu\/wp-content\/uploads\/2016\/04\/A_meridianok.pdf\" target=\"_blank\">A meridi\u00e1nokr\u00f3l r\u00f6viden<\/a> (pdf)<\/li>\n<li><a href=\"https:\/\/www.trimagus.hu\/index.php\/2018\/10\/27\/erzelmeink-es-az-esszencialis-olajok\/\" target=\"_blank\">Az \u00e9rzelmek \u00e9s az esszenci\u00e1lis ill\u00f3olajok kapcsolata<\/a><\/li>\n<li><a href=\"https:\/\/www.trimagus.hu\/wp-content\/uploads\/2016\/04\/Chikung_es_a_gyogyaszat.pdf\" target=\"_blank\">Chikung \u00e9s a gy\u00f3gy\u00e1szat<\/a> (pdf)<\/li>\n<li><a href=\"https:\/\/www.trimagus.hu\/wp-content\/uploads\/2018\/02\/DM_Qi_kung.pdf\" target=\"_blank\">DM Qi-kung<\/a> (pdf)<\/li>\n<li><a href=\"https:\/\/www.trimagus.hu\/index.php\/2018\/05\/06\/erzelmi-aromaterapia-a-tavaszi-faradtsagtol-a-depresszioig-1-resz\/\" target=\"_blank\">\u00c9rzelmi aromater\u00e1pia &#8211; a tavaszi f\u00e1radts\u00e1gt\u00f3l a depresszi\u00f3ig (1. r\u00e9sz)<\/a><\/li>\n<li><a href=\"https:\/\/www.trimagus.hu\/index.php\/2018\/05\/06\/erzelmi-aromaterapia-a-tavaszi-faradtsagtol-a-depresszioig-2-resz\/\" target=\"_blank\">\u00c9rzelmi aromater\u00e1pia &#8211; a tavaszi f\u00e1radts\u00e1gt\u00f3l a depresszi\u00f3ig (2. r\u00e9sz)<\/a><\/li>\n<li><a href=\"https:\/\/www.trimagus.hu\/index.php\/2018\/05\/11\/erzelmi-aromaterapia-a-tavaszi-faradtsagtol-a-depresszioig-3-resz\/\" target=\"_blank\">\u00c9rzelmi aromater\u00e1pia &#8211; a tavaszi f\u00e1radts\u00e1gt\u00f3l a depresszi\u00f3ig (3. r\u00e9sz)<\/a><\/li>\n<li><a href=\"https:\/\/www.trimagus.hu\/index.php\/2018\/05\/13\/erzelmi-aromaterapia-a-tavaszi-faradtsagtol-a-depresszioig-4-resz\/\" target=\"_blank\">\u00c9rzelmi aromater\u00e1pia &#8211; a tavaszi f\u00e1radts\u00e1gt\u00f3l a depresszi\u00f3ig (4. r\u00e9sz)<\/a><\/li>\n<li><a href=\"https:\/\/www.trimagus.hu\/wp-content\/uploads\/2018\/02\/FengShui.pdf\" target=\"_blank\">Feng Shuir\u00f3l r\u00f6viden<\/a> (pdf)<\/li>\n<li><a href=\"https:\/\/www.trimagus.hu\/index.php\/2018\/03\/25\/illoolajok-es-csakraink-kapcsolata\/\" target=\"_blank\">Ill\u00f3olajok \u00e9s csakr\u00e1ink kapcsolata<\/a><\/li>\n<li><a href=\"https:\/\/www.trimagus.hu\/wp-content\/uploads\/2016\/03\/Mi-a-Chi.pdf\" target=\"_blank\">Mi a Chi?<\/a> (pdf)<\/li>\n<\/ul>\n","protected":false},"excerpt":{"rendered":"<p>A Chikung alkalmaz\u00e1si ter\u00fcletei (pdf) A Chikung eredete \u00e9s t\u00f6rt\u00e9neti m\u00faltj\u00e1nak r\u00f6vid \u00e1ttekint\u00e9se\u00a0(pdf) A k\u00ednai eg\u00e9szs\u00e9g\u00fcgyi asztrol\u00f3gia jelent\u0151s\u00e9ge (pdf) A meridi\u00e1nokr\u00f3l r\u00f6viden (pdf) Az \u00e9rzelmek \u00e9s az esszenci\u00e1lis ill\u00f3olajok kapcsolata Chikung \u00e9s a gy\u00f3gy\u00e1szat (pdf) DM Qi-kung (pdf) \u00c9rzelmi aromater\u00e1pia &#8211; a tavaszi f\u00e1radts\u00e1gt\u00f3l a depresszi\u00f3ig (1. r\u00e9sz) \u00c9rzelmi aromater\u00e1pia &#8211; a tavaszi f\u00e1radts\u00e1gt\u00f3l a [&hellip;]<\/p>\n","protected":false},"author":1,"featured_media":532,"parent":423,"menu_order":0,"comment_status":"closed","ping_status":"closed","template":"","meta":{"footnotes":""},"_links":{"self":[{"href":"https:\/\/www.trimagus.hu\/index.php\/wp-json\/wp\/v2\/pages\/503"}],"collection":[{"href":"https:\/\/www.trimagus.hu\/index.php\/wp-json\/wp\/v2\/pages"}],"about":[{"href":"https:\/\/www.trimagus.hu\/index.php\/wp-json\/wp\/v2\/types\/page"}],"author":[{"embeddable":true,"href":"https:\/\/www.trimagus.hu\/index.php\/wp-json\/wp\/v2\/users\/1"}],"replies":[{"embeddable":true,"href":"https:\/\/www.trimagus.hu\/index.php\/wp-json\/wp\/v2\/comments?post=503"}],"version-history":[{"count":31,"href":"https:\/\/www.trimagus.hu\/index.php\/wp-json\/wp\/v2\/pages\/503\/revisions"}],"predecessor-version":[{"id":1955,"href":"https:\/\/www.trimagus.hu\/index.php\/wp-json\/wp\/v2\/pages\/503\/revisions\/1955"}],"up":[{"embeddable":true,"href":"https:\/\/www.trimagus.hu\/index.php\/wp-json\/wp\/v2\/pages\/423"}],"wp:featuredmedia":[{"embeddable":true,"href":"https:\/\/www.trimagus.hu\/index.php\/wp-json\/wp\/v2\/media\/532"}],"wp:attachment":[{"href":"https:\/\/www.trimagus.hu\/index.php\/wp-json\/wp\/v2\/media?parent=503"}],"curies":[{"name":"wp","href":"https:\/\/api.w.org\/{rel}","templated":true}]}}