{"id":506,"date":"2016-03-05T17:21:49","date_gmt":"2016-03-05T17:21:49","guid":{"rendered":"https:\/\/www.trimagus.hu\/?page_id=506"},"modified":"2020-10-18T18:52:36","modified_gmt":"2020-10-18T18:52:36","slug":"nyugat","status":"publish","type":"page","link":"https:\/\/www.trimagus.hu\/index.php\/tudas-ter\/nyugat\/","title":{"rendered":"NYUGAT"},"content":{"rendered":"<ul>\n<li><a href=\"https:\/\/www.trimagus.hu\/index.php\/2018\/10\/27\/erzelmeink-es-az-esszencialis-olajok\/\" target=\"_blank\">Az \u00e9rzelmek \u00e9s az esszenci\u00e1lis ill\u00f3olajok kapcsolata<\/a><\/li>\n<li>Az ill\u00f3olajok hat\u00e1sa az emberi szervezet energia-rendszer\u00e9re (pdf)<\/li>\n<li><a href=\"https:\/\/www.trimagus.hu\/wp-content\/uploads\/2019\/01\/bibliai_olajok_trimagus.pdf\" target=\"_blank\">Bibliai olajok<\/a> (pdf)<\/li>\n<li><a href=\"https:\/\/www.trimagus.hu\/index.php\/2018\/05\/06\/erzelmi-aromaterapia-a-tavaszi-faradtsagtol-a-depresszioig-1-resz\/\" target=\"_blank\">\u00c9rzelmi aromater\u00e1pia &#8211; a tavaszi f\u00e1radts\u00e1gt\u00f3l a depresszi\u00f3ig (1. r\u00e9sz)<\/a><\/li>\n<li><a href=\"https:\/\/www.trimagus.hu\/index.php\/2018\/05\/06\/erzelmi-aromaterapia-a-tavaszi-faradtsagtol-a-depresszioig-2-resz\/\" target=\"_blank\">\u00c9rzelmi aromater\u00e1pia &#8211; a tavaszi f\u00e1radts\u00e1gt\u00f3l a depresszi\u00f3ig (2. r\u00e9sz)<\/a><\/li>\n<li><a href=\"https:\/\/www.trimagus.hu\/index.php\/2018\/05\/11\/erzelmi-aromaterapia-a-tavaszi-faradtsagtol-a-depresszioig-3-resz\/\" target=\"_blank\">\u00c9rzelmi aromater\u00e1pia &#8211; a tavaszi f\u00e1radts\u00e1gt\u00f3l a depresszi\u00f3ig (3. r\u00e9sz)<\/a><\/li>\n<li><a href=\"https:\/\/www.trimagus.hu\/index.php\/2018\/05\/13\/erzelmi-aromaterapia-a-tavaszi-faradtsagtol-a-depresszioig-4-resz\/\" target=\"_blank\">\u00c9rzelmi aromater\u00e1pia &#8211; a tavaszi f\u00e1radts\u00e1gt\u00f3l a depresszi\u00f3ig (4. r\u00e9sz)<\/a><\/li>\n<li><a href=\"https:\/\/www.trimagus.hu\/wp-content\/uploads\/2019\/02\/emesztorendszer_illoolajok_trimagus.pdf\" target=\"_blank\">Ill\u00f3olajok az em\u00e9szt\u0151rendszer szolg\u00e1lat\u00e1ban<\/a> (pdf)<\/li>\n<li><a href=\"https:\/\/www.trimagus.hu\/index.php\/2018\/03\/25\/illoolajok-es-csakraink-kapcsolata\/\" target=\"_blank\">Ill\u00f3olajok \u00e9s csakr\u00e1ink kapcsolata<\/a><\/li>\n<li><a href=\"https:\/\/www.trimagus.hu\/index.php\/2018\/11\/13\/immunrendszer-tamogatasa-az-esszencialis-illoolajok-segitsegevel\/\" target=\"_blank\">Immunrendszer t\u00e1mogat\u00e1sa az esszenci\u00e1lis ill\u00f3olajok seg\u00edts\u00e9g\u00e9vel<\/a><\/li>\n<\/ul>\n","protected":false},"excerpt":{"rendered":"<p>Az \u00e9rzelmek \u00e9s az esszenci\u00e1lis ill\u00f3olajok kapcsolata Az ill\u00f3olajok hat\u00e1sa az emberi szervezet energia-rendszer\u00e9re (pdf) Bibliai olajok (pdf) \u00c9rzelmi aromater\u00e1pia &#8211; a tavaszi f\u00e1radts\u00e1gt\u00f3l a depresszi\u00f3ig (1. r\u00e9sz) \u00c9rzelmi aromater\u00e1pia &#8211; a tavaszi f\u00e1radts\u00e1gt\u00f3l a depresszi\u00f3ig (2. r\u00e9sz) \u00c9rzelmi aromater\u00e1pia &#8211; a tavaszi f\u00e1radts\u00e1gt\u00f3l a depresszi\u00f3ig (3. r\u00e9sz) \u00c9rzelmi aromater\u00e1pia &#8211; a tavaszi f\u00e1radts\u00e1gt\u00f3l a [&hellip;]<\/p>\n","protected":false},"author":1,"featured_media":538,"parent":423,"menu_order":0,"comment_status":"closed","ping_status":"closed","template":"","meta":{"footnotes":""},"_links":{"self":[{"href":"https:\/\/www.trimagus.hu\/index.php\/wp-json\/wp\/v2\/pages\/506"}],"collection":[{"href":"https:\/\/www.trimagus.hu\/index.php\/wp-json\/wp\/v2\/pages"}],"about":[{"href":"https:\/\/www.trimagus.hu\/index.php\/wp-json\/wp\/v2\/types\/page"}],"author":[{"embeddable":true,"href":"https:\/\/www.trimagus.hu\/index.php\/wp-json\/wp\/v2\/users\/1"}],"replies":[{"embeddable":true,"href":"https:\/\/www.trimagus.hu\/index.php\/wp-json\/wp\/v2\/comments?post=506"}],"version-history":[{"count":28,"href":"https:\/\/www.trimagus.hu\/index.php\/wp-json\/wp\/v2\/pages\/506\/revisions"}],"predecessor-version":[{"id":2773,"href":"https:\/\/www.trimagus.hu\/index.php\/wp-json\/wp\/v2\/pages\/506\/revisions\/2773"}],"up":[{"embeddable":true,"href":"https:\/\/www.trimagus.hu\/index.php\/wp-json\/wp\/v2\/pages\/423"}],"wp:featuredmedia":[{"embeddable":true,"href":"https:\/\/www.trimagus.hu\/index.php\/wp-json\/wp\/v2\/media\/538"}],"wp:attachment":[{"href":"https:\/\/www.trimagus.hu\/index.php\/wp-json\/wp\/v2\/media?parent=506"}],"curies":[{"name":"wp","href":"https:\/\/api.w.org\/{rel}","templated":true}]}}