{"id":614,"date":"2016-03-08T18:56:03","date_gmt":"2016-03-08T18:56:03","guid":{"rendered":"https:\/\/www.trimagus.hu\/?page_id=614"},"modified":"2025-12-12T16:52:25","modified_gmt":"2025-12-12T16:52:25","slug":"a-trimagus-csapata","status":"publish","type":"page","link":"https:\/\/www.trimagus.hu\/index.php\/rolunk\/a-trimagus-csapata\/","title":{"rendered":"A Trimagus Csapata"},"content":{"rendered":"<div class=\"responsive-tabs\">\n<h2 class=\"tabtitle\"><strong>Kevi Andrea<\/strong><\/h2>\n<div class=\"tabcontent\">\n\n<p><img loading=\"lazy\" decoding=\"async\" class=\"alignnone size-full wp-image-342\" src=\"https:\/\/www.trimagus.hu\/wp-content\/uploads\/2016\/02\/Andi.jpg\" alt=\"Andi\" width=\"223\" height=\"271\" \/><\/p>\n<p style=\"text-align: justify;\">K\u00f6sz\u00f6ntelek Kedves L\u00e1togat\u00f3!<\/p>\n<p style=\"text-align: justify;\">Engedd meg, hogy r\u00f6viden bemutatkozzam.<br \/>\nSz\u00fclet\u00e9semt\u0151l fogva vonzott az \u00c9let Miszt\u00e9riuma. Kezdetben k\u00f6nyveken kereszt\u00fcl, autodidakta m\u00f3don kezdtem el min\u00e9l t\u00f6bb inform\u00e1ci\u00f3t magam\u00e9v\u00e1 tenni, majd k\u00f6vetkezett a k\u00e9pz\u00e9sek, tanfolyamok \u00e9s iskol\u00e1k rengetege\u2026<br \/>\nSz\u00e9p lassan megismerkedtem az \u00e9rz\u00e9kel\u00e9sen t\u00fali Vil\u00e1ggal, majd egyre ink\u00e1bb finomodott saj\u00e1t \u00e9rz\u00e9kel\u00e9sem, \u00e9rz\u00e9kenys\u00e9gem is.<br \/>\nA tanult ismereteket saj\u00e1t tapasztalataimmal \u00f6tv\u00f6zve jutottam el jelenlegi \u00f6nmagamhoz.<br \/>\nEz egy nagyon hossz\u00fa \u00e9s f\u00e1radts\u00e1gos Utaz\u00e1s, aminek m\u00e9g kor\u00e1n sincs v\u00e9ge, de ann\u00e1l ink\u00e1bb meg\u00e9ri a befektet\u00e9st. Eg\u00e9szen m\u00e1s a kil\u00e1t\u00e1s egy v\u00f6lgyb\u0151l, egy domb tetej\u00e9r\u0151l vagy a hegycs\u00facsr\u00f3l.<\/p>\n<p style=\"text-align: center;\"><strong><em>K\u00edv\u00e1nom Neked, tal\u00e1ld meg Te is a saj\u00e1t hegycs\u00facsod!<\/em><\/strong><\/p>\n<p style=\"text-align: justify;\">Meggy\u0151z\u0151d\u00e9sem, hogy v\u00e1ltoz\u00e1st csak \u00fagy lehet el\u00e9rni az anyagi vil\u00e1gunkban, ha figyelembe vessz\u00fck a r\u00e1nk hat\u00f3 er\u0151ket, akkor is, ha azok nem az \u00e1ltalunk j\u00f3l ismert f\u00f6ldi vil\u00e1gunkb\u00f3l \u00e9rkeznek fel\u00e9nk.<br \/>\nAz oktat\u00e1sban elsaj\u00e1t\u00edtott \u00e9s a bel\u00e9nk nevelt horizont\u00e1lis gondolkod\u00e1s helyett fel kell emeln\u00fcnk a tekintet\u00fcnket. Ki kell tekinten\u00fcnk m\u00e1s ir\u00e1nyba is, hogy k\u00e9pesek legy\u00fcnk megl\u00e1tni \u00e9s megtal\u00e1lni a <strong>val\u00f3di okokat<\/strong>.<br \/>\nEbben tudok seg\u00edteni Neked, a pszichotronika (szellem- \u00e9s l\u00e9lekgy\u00f3gy\u00e1szat), energia-gy\u00f3gy\u00e1szat, krist\u00e1lyok, Feng Shui \u00e9s a k\u00fcl\u00f6nb\u00f6z\u0151 \u00f6nismereti-,\u00a0 szem\u00e9lyis\u00e9gfejleszt\u0151 m\u00f3dszerek, aroma massz\u00e1zs, f\u00fclakupunkt\u00fara, valamint a DM Qi-kung\u2122 rendszer\u00e9nek seg\u00edts\u00e9g\u00e9vel.<\/p>\n<p style=\"text-align: justify;\">Ha nem vagy benne biztos, mi lenne a legmegfelel\u0151bb m\u00f3dszer sz\u00e1modra, lehet\u0151s\u00e9g van szem\u00e9lyes konzult\u00e1ci\u00f3ra is.<br \/>\nHa \u00fagy \u00e9rzed, \u00e9n vagyok az, aki ebben a folyamatban t\u00e1mogatni tud, keress bizalommal.<\/p>\n<p style=\"text-align: center;\"><strong>Ha tal\u00e1lkoznunk kell, v\u00e1rlak szeretettel! \ud83d\ude42<\/strong><\/p>\n<p style=\"text-align: right;\">Andi<\/p>\n<p style=\"text-align: right;\">\n<p style=\"text-align: right;\">\n<\/div><\/div>\n","protected":false},"excerpt":{"rendered":"<p>K\u00f6sz\u00f6ntelek Kedves L\u00e1togat\u00f3! Engedd meg, hogy r\u00f6viden bemutatkozzam. Sz\u00fclet\u00e9semt\u0151l fogva vonzott az \u00c9let Miszt\u00e9riuma. Kezdetben k\u00f6nyveken kereszt\u00fcl, autodidakta m\u00f3don kezdtem el min\u00e9l t\u00f6bb inform\u00e1ci\u00f3t magam\u00e9v\u00e1 tenni, majd k\u00f6vetkezett a k\u00e9pz\u00e9sek, tanfolyamok \u00e9s iskol\u00e1k rengetege\u2026 Sz\u00e9p lassan megismerkedtem az \u00e9rz\u00e9kel\u00e9sen t\u00fali Vil\u00e1ggal, majd egyre ink\u00e1bb finomodott saj\u00e1t \u00e9rz\u00e9kel\u00e9sem, \u00e9rz\u00e9kenys\u00e9gem is. A tanult ismereteket saj\u00e1t tapasztalataimmal \u00f6tv\u00f6zve [&hellip;]<\/p>\n","protected":false},"author":1,"featured_media":0,"parent":14,"menu_order":0,"comment_status":"closed","ping_status":"closed","template":"","meta":{"footnotes":""},"_links":{"self":[{"href":"https:\/\/www.trimagus.hu\/index.php\/wp-json\/wp\/v2\/pages\/614"}],"collection":[{"href":"https:\/\/www.trimagus.hu\/index.php\/wp-json\/wp\/v2\/pages"}],"about":[{"href":"https:\/\/www.trimagus.hu\/index.php\/wp-json\/wp\/v2\/types\/page"}],"author":[{"embeddable":true,"href":"https:\/\/www.trimagus.hu\/index.php\/wp-json\/wp\/v2\/users\/1"}],"replies":[{"embeddable":true,"href":"https:\/\/www.trimagus.hu\/index.php\/wp-json\/wp\/v2\/comments?post=614"}],"version-history":[{"count":25,"href":"https:\/\/www.trimagus.hu\/index.php\/wp-json\/wp\/v2\/pages\/614\/revisions"}],"predecessor-version":[{"id":3222,"href":"https:\/\/www.trimagus.hu\/index.php\/wp-json\/wp\/v2\/pages\/614\/revisions\/3222"}],"up":[{"embeddable":true,"href":"https:\/\/www.trimagus.hu\/index.php\/wp-json\/wp\/v2\/pages\/14"}],"wp:attachment":[{"href":"https:\/\/www.trimagus.hu\/index.php\/wp-json\/wp\/v2\/media?parent=614"}],"curies":[{"name":"wp","href":"https:\/\/api.w.org\/{rel}","templated":true}]}}