{"id":63,"date":"2016-02-19T19:24:23","date_gmt":"2016-02-19T19:24:23","guid":{"rendered":"https:\/\/www.trimagus.hu\/?page_id=63"},"modified":"2016-11-08T12:46:54","modified_gmt":"2016-11-08T12:46:54","slug":"egeszsegugyi-allapotfelmeres","status":"publish","type":"page","link":"https:\/\/www.trimagus.hu\/index.php\/kezelesek\/termeszetgyogyaszati-kozultacio\/egeszsegugyi-allapotfelmeres\/","title":{"rendered":"\u00c1llapot diagnosztika"},"content":{"rendered":"<p>A k\u00fcl\u00f6nb\u00f6z\u0151 term\u00e9szetgy\u00f3gy\u00e1szati kezel\u00e9seknek k\u00fcl\u00f6nb\u00f6z\u0151 diagnosztikai elj\u00e1r\u00e1sa van,\u00a0ami nagyon elt\u00e9r\u0151 is lehet a hagyom\u00e1nyos gy\u00f3gy\u00e1szat elj\u00e1r\u00e1sait\u00f3l. Term\u00e9szetesen minden hozz\u00e1nk fordul\u00f3t\u00f3l, aki m\u00e1r rendelkezik ilyen vizsg\u00e1lati eredm\u00e9nyel, azt is el szoktuk k\u00e9rni, hogy m\u00e9g sz\u00e9lesebb k\u00f6r\u0171 inform\u00e1ci\u00f3val rendelkezz\u00fcnk. Esetenk\u00e9nt mi h\u00edvjuk fel a p\u00e1ciens figyelm\u00e9t, hogy sz\u00fcks\u00e9g lehet m\u00e1s vizsg\u00e1latok elv\u00e9gz\u00e9s\u00e9re is.<\/p>\n<p>A teljess\u00e9g ig\u00e9nye n\u00e9lk\u00fcl \u2013 csak inform\u00e1lis szinten \u2013 az alternat\u00edv diagnosztika lehet <em>\u00e9rint\u00e9s<\/em>, <em>tapint\u00e1s<\/em> (k\u00ednai pulzus vagy jap\u00e1n hara diagn\u00f3zis) lehet <em>vizu\u00e1lis<\/em> (Sch\u00fcssler arc diagnosztika), illetve fontos inform\u00e1ci\u00f3t hordozhatnak a hang \u00e9s szaghat\u00e1sok is.<br \/>\nV\u00e9g\u00fcl, de nem utols\u00f3 sorban, vannak <em>biorezonanci\u00e1s<\/em> \u00e1llapotfelm\u00e9r\u0151 k\u00e9sz\u00fcl\u00e9kek, eszk\u00f6z\u00f6k, \u00a0melyek felt\u00e9rk\u00e9pez\u0151 k\u00e9pess\u00e9ge kimagasl\u00f3 eredm\u00e9nyeket hoz, r\u00e1ad\u00e1sul sokszor m\u00e9g a fizik\u00e1lis szinten megjelen\u0151 t\u00fcnetek el\u0151tt jelezhetik a probl\u00e9m\u00e1t.<\/p>\n","protected":false},"excerpt":{"rendered":"<p>A k\u00fcl\u00f6nb\u00f6z\u0151 term\u00e9szetgy\u00f3gy\u00e1szati kezel\u00e9seknek k\u00fcl\u00f6nb\u00f6z\u0151 diagnosztikai elj\u00e1r\u00e1sa van,\u00a0ami nagyon elt\u00e9r\u0151 is lehet a hagyom\u00e1nyos gy\u00f3gy\u00e1szat elj\u00e1r\u00e1sait\u00f3l. Term\u00e9szetesen minden hozz\u00e1nk fordul\u00f3t\u00f3l, aki m\u00e1r rendelkezik ilyen vizsg\u00e1lati eredm\u00e9nyel, azt is el szoktuk k\u00e9rni, hogy m\u00e9g sz\u00e9lesebb k\u00f6r\u0171 inform\u00e1ci\u00f3val rendelkezz\u00fcnk. Esetenk\u00e9nt mi h\u00edvjuk fel a p\u00e1ciens figyelm\u00e9t, hogy sz\u00fcks\u00e9g lehet m\u00e1s vizsg\u00e1latok elv\u00e9gz\u00e9s\u00e9re is. A teljess\u00e9g ig\u00e9nye n\u00e9lk\u00fcl [&hellip;]<\/p>\n","protected":false},"author":1,"featured_media":589,"parent":66,"menu_order":0,"comment_status":"closed","ping_status":"closed","template":"","meta":{"footnotes":""},"_links":{"self":[{"href":"https:\/\/www.trimagus.hu\/index.php\/wp-json\/wp\/v2\/pages\/63"}],"collection":[{"href":"https:\/\/www.trimagus.hu\/index.php\/wp-json\/wp\/v2\/pages"}],"about":[{"href":"https:\/\/www.trimagus.hu\/index.php\/wp-json\/wp\/v2\/types\/page"}],"author":[{"embeddable":true,"href":"https:\/\/www.trimagus.hu\/index.php\/wp-json\/wp\/v2\/users\/1"}],"replies":[{"embeddable":true,"href":"https:\/\/www.trimagus.hu\/index.php\/wp-json\/wp\/v2\/comments?post=63"}],"version-history":[{"count":5,"href":"https:\/\/www.trimagus.hu\/index.php\/wp-json\/wp\/v2\/pages\/63\/revisions"}],"predecessor-version":[{"id":583,"href":"https:\/\/www.trimagus.hu\/index.php\/wp-json\/wp\/v2\/pages\/63\/revisions\/583"}],"up":[{"embeddable":true,"href":"https:\/\/www.trimagus.hu\/index.php\/wp-json\/wp\/v2\/pages\/66"}],"wp:featuredmedia":[{"embeddable":true,"href":"https:\/\/www.trimagus.hu\/index.php\/wp-json\/wp\/v2\/media\/589"}],"wp:attachment":[{"href":"https:\/\/www.trimagus.hu\/index.php\/wp-json\/wp\/v2\/media?parent=63"}],"curies":[{"name":"wp","href":"https:\/\/api.w.org\/{rel}","templated":true}]}}