{"id":66,"date":"2016-02-19T19:24:59","date_gmt":"2016-02-19T19:24:59","guid":{"rendered":"https:\/\/www.trimagus.hu\/?page_id=66"},"modified":"2016-11-08T12:43:45","modified_gmt":"2016-11-08T12:43:45","slug":"termeszetgyogyaszati-kozultacio","status":"publish","type":"page","link":"https:\/\/www.trimagus.hu\/index.php\/kezelesek\/termeszetgyogyaszati-kozultacio\/","title":{"rendered":"Term\u00e9szetgy\u00f3gy\u00e1szati konzult\u00e1ci\u00f3"},"content":{"rendered":"<p style=\"text-align: justify;\">\u00c9vr\u0151l \u00e9vre n\u0151 azoknak az embereknek a sz\u00e1ma, akik seg\u00edts\u00e9g\u00e9rt az <strong>alternat\u00edv gy\u00f3gy\u00e1szat<\/strong> ir\u00e1ny\u00e1ba fordulnak. Szaporodnak azok a probl\u00e9m\u00e1k, amelyekre nem lehet csak \u00fagy <em>\u201ebekapni egy tablett\u00e1t\u201d<\/em>. Sokan nem akarj\u00e1k elfogadni azt az egyre t\u00f6bbet elhangz\u00f3 mondatot, hogy <em>\u201eEzzel \u00d6nnek egy\u00fctt kell \u00e9lnie\u201d<\/em>.\u00a0 Ak\u00e1r mi legyen is az ind\u00edt\u00e9k, egy nagyon fontos dolgot meg kell \u00e9rteni.<\/p>\n<p style=\"text-align: center;\"><strong>Mindenki saj\u00e1t maga gy\u00f3gyul meg!<\/strong><\/p>\n<p>Ez\u00e9rt bizony tenni kell. Mi csak <em>\u201eseg\u00edt\u00fcnk\u201d<\/em> kijel\u00f6lni a c\u00e9lt \u00e9s <em>\u201et\u00e1mogatunk\u201d<\/em> az \u00faton, hogy a <strong>c\u00e9l el\u00e9rhet\u0151<\/strong> legyen, de senki helyett nem tudjuk el\u00e9rni azt. Mindenki eljutott valamilyen \u00faton ahhoz az \u00e1llapothoz, amiben \u00e9ppen van. Az okokat megkeresve, fel kell t\u00e1rni az idevezet\u0151 utat \u00e9s l\u00e9p\u00e9sr\u0151l l\u00e9p\u00e9sre megtervezve kit\u0171zni azt az \u00faj ir\u00e1nyt, ami visszavezet az eredend\u0151,<em> eg\u00e9szs\u00e9ges \u00e9s teljes \u00e1llapothoz<\/em>.<\/p>\n<p>Az els\u0151 alkalommal egy nagyon r\u00e9szletes, mindenre kiterjed\u0151 besz\u00e9lget\u00e9st folytatunk le esetenk\u00e9nt n\u00e9ha ak\u00e1r\u00a0meglep\u0151 k\u00e9rd\u00e9sekkel. A kapott inform\u00e1ci\u00f3k alapj\u00e1n elk\u00e9sz\u00fcl egy ter\u00e1pi\u00e1s terv, ami maga a fel\u00e9p\u00edtett \u00fat, amin szisztematikusan v\u00e9gig kell haladni. A folyamat v\u00e9g\u00e9n megtal\u00e1ljuk az el\u00e9rend\u0151<em> \u201ec\u00e9lt\u201d<\/em>, ami egy\u00e9nenk\u00e9nt mindenkinek m\u00e1s \u00e9s m\u00e1s.<\/p>\n","protected":false},"excerpt":{"rendered":"<p>\u00c9vr\u0151l \u00e9vre n\u0151 azoknak az embereknek a sz\u00e1ma, akik seg\u00edts\u00e9g\u00e9rt az alternat\u00edv gy\u00f3gy\u00e1szat ir\u00e1ny\u00e1ba fordulnak. Szaporodnak azok a probl\u00e9m\u00e1k, amelyekre nem lehet csak \u00fagy \u201ebekapni egy tablett\u00e1t\u201d. Sokan nem akarj\u00e1k elfogadni azt az egyre t\u00f6bbet elhangz\u00f3 mondatot, hogy \u201eEzzel \u00d6nnek egy\u00fctt kell \u00e9lnie\u201d.\u00a0 Ak\u00e1r mi legyen is az ind\u00edt\u00e9k, egy nagyon fontos dolgot meg kell [&hellip;]<\/p>\n","protected":false},"author":1,"featured_media":0,"parent":48,"menu_order":0,"comment_status":"closed","ping_status":"closed","template":"","meta":{"footnotes":""},"_links":{"self":[{"href":"https:\/\/www.trimagus.hu\/index.php\/wp-json\/wp\/v2\/pages\/66"}],"collection":[{"href":"https:\/\/www.trimagus.hu\/index.php\/wp-json\/wp\/v2\/pages"}],"about":[{"href":"https:\/\/www.trimagus.hu\/index.php\/wp-json\/wp\/v2\/types\/page"}],"author":[{"embeddable":true,"href":"https:\/\/www.trimagus.hu\/index.php\/wp-json\/wp\/v2\/users\/1"}],"replies":[{"embeddable":true,"href":"https:\/\/www.trimagus.hu\/index.php\/wp-json\/wp\/v2\/comments?post=66"}],"version-history":[{"count":8,"href":"https:\/\/www.trimagus.hu\/index.php\/wp-json\/wp\/v2\/pages\/66\/revisions"}],"predecessor-version":[{"id":594,"href":"https:\/\/www.trimagus.hu\/index.php\/wp-json\/wp\/v2\/pages\/66\/revisions\/594"}],"up":[{"embeddable":true,"href":"https:\/\/www.trimagus.hu\/index.php\/wp-json\/wp\/v2\/pages\/48"}],"wp:attachment":[{"href":"https:\/\/www.trimagus.hu\/index.php\/wp-json\/wp\/v2\/media?parent=66"}],"curies":[{"name":"wp","href":"https:\/\/api.w.org\/{rel}","templated":true}]}}