{"id":73,"date":"2016-02-19T19:26:12","date_gmt":"2016-02-19T19:26:12","guid":{"rendered":"https:\/\/www.trimagus.hu\/?page_id=73"},"modified":"2016-11-08T12:47:59","modified_gmt":"2016-11-08T12:47:59","slug":"fulakupunkturas-addiktologia","status":"publish","type":"page","link":"https:\/\/www.trimagus.hu\/index.php\/kezelesek\/termeszetgyogyaszati-kozultacio\/fulakupunkturas-addiktologia\/","title":{"rendered":"F\u00fclakupunkt\u00far\u00e1s addiktol\u00f3gia"},"content":{"rendered":"<p style=\"text-align: justify;\">A kezel\u00e9s sor\u00e1n a f\u00fcl, mint a test teljes holografikus lenyomata ker\u00fcl stimul\u00e1l\u00e1sra t\u0171kkel vagy elektromosan. Ennek hat\u00e1s\u00e1ra beavatkoz\u00e1s t\u00f6rt\u00e9nik a szervezet energia folyamataiba, mely j\u00f3t\u00e9konyan befoly\u00e1solja ennek teljes m\u0171k\u00f6d\u00e9s\u00e9t \u00e9s ez\u00e1ltal el\u0151seg\u00edti a gy\u00f3gyul\u00e1s\u00e1t.<\/p>\n<p style=\"text-align: justify;\">Az eredm\u00e9ny nagyon gyorsan jelentkezik. M\u00e1r a t\u0171 besz\u00far\u00e1s\u00e1t k\u00f6vet\u0151 t\u00edz percen\u00a0 bel\u00fcl \u00e9rezhet\u0151en elkezdi kifejteni pozit\u00edv hat\u00e1s\u00e1t:<br \/>\ncs\u00f6kken a f\u00e1jdalom, a kliens megnyugszik, ellazul, stb. <em>A kezel\u00e9s biztons\u00e1gos, nincsenek mell\u00e9khat\u00e1sai.<\/em><\/p>\n<p><u>Milyen probl\u00e9m\u00e1k eset\u00e9n hat\u00e1sos a f\u00fclakupunkt\u00fara?<\/u><\/p>\n<ul>\n<li>a rendszeres kezel\u00e9s seg\u00edthet a gy\u00f3gyul\u00e1sban,valamint a betegs\u00e9g ut\u00e1ni fel\u00e9p\u00fcl\u00e9sben;<\/li>\n<li>cs\u00f6kkentheti a gy\u00f3gyszerek mell\u00e9khat\u00e1sait;<\/li>\n<li>csillap\u00edtja a szenved\u00e9lybetegs\u00e9gek elvon\u00e1si t\u00fcneteit;<\/li>\n<li>alkalmas doh\u00e1nyz\u00e1sr\u00f3l t\u00f6rt\u00e9n\u0151 leszoktat\u00e1sn\u00e1l;<\/li>\n<li>az alkoholizmus \u00e9s m\u00e1s szenved\u00e9lybetegs\u00e9gek kezel\u00e9sekor hat\u00e9konyan gy\u00f3gy\u00edt;<\/li>\n<li>a fogy\u00f3k\u00far\u00e1z\u00f3k sz\u00e1m\u00e1ra eg\u00e9szs\u00e9ges, gyors, mell\u00e9khat\u00e1s mentes ter\u00e1pia, melynek seg\u00edts\u00e9g\u00e9vel cs\u00f6kkenthet\u0151 az \u00e9tv\u00e1gy, megsz\u00fcntethet\u0151 az \u00e9hs\u00e9g\u00e9rzet, javul az anyagcsere;<\/li>\n<li>alkalmazhatjuk alv\u00e1sprobl\u00e9m\u00e1k jav\u00edt\u00e1s\u00e1ra;<\/li>\n<li>az \u00e1ltal\u00e1nos energiaszint n\u00f6vel\u00e9s\u00e9re;<\/li>\n<li>stresszold\u00e1sra;<\/li>\n<li>m\u00e9regtelen\u00edt\u00e9skor;<\/li>\n<li>ked\u00e9ly\u00e1llapot jav\u00edt\u00e1s\u00e1ra;<\/li>\n<li>v\u00e9rnyom\u00e1s stabiliz\u00e1l\u00e1s\u00e1ra.<\/li>\n<\/ul>\n","protected":false},"excerpt":{"rendered":"<p>A kezel\u00e9s sor\u00e1n a f\u00fcl, mint a test teljes holografikus lenyomata ker\u00fcl stimul\u00e1l\u00e1sra t\u0171kkel vagy elektromosan. Ennek hat\u00e1s\u00e1ra beavatkoz\u00e1s t\u00f6rt\u00e9nik a szervezet energia folyamataiba, mely j\u00f3t\u00e9konyan befoly\u00e1solja ennek teljes m\u0171k\u00f6d\u00e9s\u00e9t \u00e9s ez\u00e1ltal el\u0151seg\u00edti a gy\u00f3gyul\u00e1s\u00e1t. Az eredm\u00e9ny nagyon gyorsan jelentkezik. M\u00e1r a t\u0171 besz\u00far\u00e1s\u00e1t k\u00f6vet\u0151 t\u00edz percen\u00a0 bel\u00fcl \u00e9rezhet\u0151en elkezdi kifejteni pozit\u00edv hat\u00e1s\u00e1t: cs\u00f6kken a [&hellip;]<\/p>\n","protected":false},"author":1,"featured_media":553,"parent":66,"menu_order":0,"comment_status":"closed","ping_status":"closed","template":"","meta":{"footnotes":""},"_links":{"self":[{"href":"https:\/\/www.trimagus.hu\/index.php\/wp-json\/wp\/v2\/pages\/73"}],"collection":[{"href":"https:\/\/www.trimagus.hu\/index.php\/wp-json\/wp\/v2\/pages"}],"about":[{"href":"https:\/\/www.trimagus.hu\/index.php\/wp-json\/wp\/v2\/types\/page"}],"author":[{"embeddable":true,"href":"https:\/\/www.trimagus.hu\/index.php\/wp-json\/wp\/v2\/users\/1"}],"replies":[{"embeddable":true,"href":"https:\/\/www.trimagus.hu\/index.php\/wp-json\/wp\/v2\/comments?post=73"}],"version-history":[{"count":4,"href":"https:\/\/www.trimagus.hu\/index.php\/wp-json\/wp\/v2\/pages\/73\/revisions"}],"predecessor-version":[{"id":552,"href":"https:\/\/www.trimagus.hu\/index.php\/wp-json\/wp\/v2\/pages\/73\/revisions\/552"}],"up":[{"embeddable":true,"href":"https:\/\/www.trimagus.hu\/index.php\/wp-json\/wp\/v2\/pages\/66"}],"wp:featuredmedia":[{"embeddable":true,"href":"https:\/\/www.trimagus.hu\/index.php\/wp-json\/wp\/v2\/media\/553"}],"wp:attachment":[{"href":"https:\/\/www.trimagus.hu\/index.php\/wp-json\/wp\/v2\/media?parent=73"}],"curies":[{"name":"wp","href":"https:\/\/api.w.org\/{rel}","templated":true}]}}