{"id":82,"date":"2016-02-19T19:29:55","date_gmt":"2016-02-19T19:29:55","guid":{"rendered":"https:\/\/www.trimagus.hu\/?page_id=82"},"modified":"2016-11-08T12:48:39","modified_gmt":"2016-11-08T12:48:39","slug":"masszazsterapiak","status":"publish","type":"page","link":"https:\/\/www.trimagus.hu\/index.php\/kezelesek\/termeszetgyogyaszati-kozultacio\/masszazsterapiak\/","title":{"rendered":"Massz\u00e1zster\u00e1pi\u00e1k"},"content":{"rendered":"<p style=\"text-align: justify;\">A massz\u00e1zs mindenkinek m\u00e1st jelent&#8230; Minden ember m\u00e1st rem\u00e9l egy kezel\u00e9s sor\u00e1n.<br \/>\nVan, aki csak a f\u00e1j\u00f3 \u00e9s elgy\u00f6t\u00f6rt izmait, befesz\u00fclt \u00edz\u00fcleteit szeretn\u00e9 kilaz\u00edtani \u2013 ez a leg\u00e1ltal\u00e1nosabb. Van, aki egy kis megnyugv\u00e1st keres, mert csak ilyenkor k\u00e9pes r\u00e1. M\u00e9g sok\u00e1ig lehetne folytatni a sort\u2026<\/p>\n<p style=\"text-align: justify;\">T\u00e9ny, hogy mai rohan\u00f3 vil\u00e1gunkban egyre nagyobb sz\u00fcks\u00e9g van a terapeut\u00e1k munk\u00e1j\u00e1ra. Legt\u00f6bbsz\u00f6r az emberek nem k\u00e9pesek egyed\u00fcl megk\u00fczdeni a stresszel, m\u00e9g ha eg\u00e9szs\u00e9ges \u00e9letm\u00f3dot \u00e9s megfelel\u0151 mennyis\u00e9g\u0171 mozg\u00e1st is folytatnak.<br \/>\nSajnos id\u0151 \u00e9s er\u0151forr\u00e1s hi\u00e1ny\u00e1ban nem foglalkozunk test\u00fcnk jelz\u00e9seivel \u00e9s m\u00e1r csak akkor\u00a0fordulunk szakemberhez, ha m\u00e1r j\u00f3val nagyobb a probl\u00e9ma. Ilyenkor \u00e1ltal\u00e1ban jelent\u0151sen t\u00f6bb id\u0151r\u00e1ford\u00edt\u00e1st ig\u00e9nyel a kialakult helyzet visszaford\u00edt\u00e1sa.<br \/>\n<strong>Pedig a massz\u00e1zs a <em>megel\u0151z\u00e9sben<\/em> is kiv\u00e1l\u00f3!<\/strong><\/p>\n<p style=\"text-align: justify;\">Ak\u00e1rhogy is, ak\u00e1rmilyen c\u00e9llal \u00e9rkezik meg v\u00e9g\u00fcl az ember a terapeut\u00e1hoz, a massz\u00e1zs t\u00f6bb szinten fogja kifejteni a hat\u00e1s\u00e1t, m\u00e9g ha azt nem is sejti.\u00a0Ahogy a stresszt\u0151l kialakultak a fizikai t\u00fcnetek, \u00fagy visszafele is hat ezen t\u00fcnetek massz\u00e1zsal t\u00f6rt\u00e9n\u0151 kezel\u00e9se. Ennek eredm\u00e9nyek\u00e9pp ellazults\u00e1got, megnyugv\u00e1st \u00e9s sokkal jobb energia \u00e1raml\u00e1st hozhatunk l\u00e9tre a testben.<\/p>\n<p style=\"text-align: justify;\">Az eur\u00f3paiak \u00e9s a t\u00e1vol keletiek gondolkod\u00e1sm\u00f3djaik elt\u00e9r\u00e9se miatt k\u00fcl\u00f6nb\u00f6z\u0151 m\u00f3don k\u00f6zel\u00edtenek a massz\u00e1zson kereszt\u00fcl a testhez. A hozz\u00e1m fordul\u00f3knak szem\u00e9lyreszabottan, mindk\u00e9t megk\u00f6zel\u00edt\u00e9ssel, vagy ak\u00e1r ezek szint\u00e9zis\u00e9vel is tudok seg\u00edteni.<\/p>\n","protected":false},"excerpt":{"rendered":"<p>A massz\u00e1zs mindenkinek m\u00e1st jelent&#8230; Minden ember m\u00e1st rem\u00e9l egy kezel\u00e9s sor\u00e1n. Van, aki csak a f\u00e1j\u00f3 \u00e9s elgy\u00f6t\u00f6rt izmait, befesz\u00fclt \u00edz\u00fcleteit szeretn\u00e9 kilaz\u00edtani \u2013 ez a leg\u00e1ltal\u00e1nosabb. Van, aki egy kis megnyugv\u00e1st keres, mert csak ilyenkor k\u00e9pes r\u00e1. M\u00e9g sok\u00e1ig lehetne folytatni a sort\u2026 T\u00e9ny, hogy mai rohan\u00f3 vil\u00e1gunkban egyre nagyobb sz\u00fcks\u00e9g van a [&hellip;]<\/p>\n","protected":false},"author":1,"featured_media":549,"parent":66,"menu_order":0,"comment_status":"closed","ping_status":"closed","template":"","meta":{"footnotes":""},"_links":{"self":[{"href":"https:\/\/www.trimagus.hu\/index.php\/wp-json\/wp\/v2\/pages\/82"}],"collection":[{"href":"https:\/\/www.trimagus.hu\/index.php\/wp-json\/wp\/v2\/pages"}],"about":[{"href":"https:\/\/www.trimagus.hu\/index.php\/wp-json\/wp\/v2\/types\/page"}],"author":[{"embeddable":true,"href":"https:\/\/www.trimagus.hu\/index.php\/wp-json\/wp\/v2\/users\/1"}],"replies":[{"embeddable":true,"href":"https:\/\/www.trimagus.hu\/index.php\/wp-json\/wp\/v2\/comments?post=82"}],"version-history":[{"count":9,"href":"https:\/\/www.trimagus.hu\/index.php\/wp-json\/wp\/v2\/pages\/82\/revisions"}],"predecessor-version":[{"id":495,"href":"https:\/\/www.trimagus.hu\/index.php\/wp-json\/wp\/v2\/pages\/82\/revisions\/495"}],"up":[{"embeddable":true,"href":"https:\/\/www.trimagus.hu\/index.php\/wp-json\/wp\/v2\/pages\/66"}],"wp:featuredmedia":[{"embeddable":true,"href":"https:\/\/www.trimagus.hu\/index.php\/wp-json\/wp\/v2\/media\/549"}],"wp:attachment":[{"href":"https:\/\/www.trimagus.hu\/index.php\/wp-json\/wp\/v2\/media?parent=82"}],"curies":[{"name":"wp","href":"https:\/\/api.w.org\/{rel}","templated":true}]}}