{"id":88,"date":"2016-02-19T19:30:28","date_gmt":"2016-02-19T19:30:28","guid":{"rendered":"https:\/\/www.trimagus.hu\/?page_id=88"},"modified":"2016-11-08T12:47:05","modified_gmt":"2016-11-08T12:47:05","slug":"energetikai-kezelesek","status":"publish","type":"page","link":"https:\/\/www.trimagus.hu\/index.php\/kezelesek\/termeszetgyogyaszati-kozultacio\/energetikai-kezelesek\/","title":{"rendered":"Bioenergetikai kezel\u00e9sek \u00e9s tiszt\u00edt\u00e1sok"},"content":{"rendered":"<p style=\"text-align: justify;\">A kezel\u00e9st megel\u0151z\u0151en felt\u00e9rk\u00e9pezz\u00fck a finomanyagi testeket (aura k\u00fcl\u00f6nb\u00f6z\u0151 r\u00e9tegei) \u00e9s az ehhez tartoz\u00f3 energiaszab\u00e1ly\u00f3z\u00f3 (csakra) rendszer \u00e1llapot\u00e1t.<\/p>\n<p style=\"text-align: justify;\">A kapott eredm\u00e9ny alapj\u00e1n a megfelel\u0151 m\u00f3dszer(ek) \u2013 energia-gy\u00f3gy\u00e1szat, <a href=\"https:\/\/www.trimagus.hu\/index.php\/kristalyterapia\/\" target=\"_blank\">krist\u00e1ly-gy\u00f3gy\u00e1szat<\/a>, <a href=\"https:\/\/www.trimagus.hu\/index.php\/pszichotronika-szellem-es-lelekgyogyaszat-merkaba-gyogyitas\/\" target=\"_blank\">pszichotronika (szellem- \u00e9s l\u00e9lekgy\u00f3gy\u00e1szat)<\/a>\u00a0\u2013 eszk\u00f6zeinek seg\u00edts\u00e9g\u00e9vel helyre\u00e1ll\u00edtjuk az eredeti harmonikus \u00e1llapotot.<\/p>\n<p style=\"text-align: justify;\">A kezel\u00e9sek az egy\u00e9ni \u00e1llapott\u00f3l f\u00fcgg\u0151en elt\u00e9r\u0151ek lehetnek mind kivitelez\u00e9sben, mind pedig az id\u0151tartam tekintet\u00e9ben.<\/p>\n","protected":false},"excerpt":{"rendered":"<p>A kezel\u00e9st megel\u0151z\u0151en felt\u00e9rk\u00e9pezz\u00fck a finomanyagi testeket (aura k\u00fcl\u00f6nb\u00f6z\u0151 r\u00e9tegei) \u00e9s az ehhez tartoz\u00f3 energiaszab\u00e1ly\u00f3z\u00f3 (csakra) rendszer \u00e1llapot\u00e1t. A kapott eredm\u00e9ny alapj\u00e1n a megfelel\u0151 m\u00f3dszer(ek) \u2013 energia-gy\u00f3gy\u00e1szat, krist\u00e1ly-gy\u00f3gy\u00e1szat, pszichotronika (szellem- \u00e9s l\u00e9lekgy\u00f3gy\u00e1szat)\u00a0\u2013 eszk\u00f6zeinek seg\u00edts\u00e9g\u00e9vel helyre\u00e1ll\u00edtjuk az eredeti harmonikus \u00e1llapotot. A kezel\u00e9sek az egy\u00e9ni \u00e1llapott\u00f3l f\u00fcgg\u0151en elt\u00e9r\u0151ek lehetnek mind kivitelez\u00e9sben, mind pedig az id\u0151tartam tekintet\u00e9ben.<\/p>\n","protected":false},"author":1,"featured_media":544,"parent":66,"menu_order":0,"comment_status":"closed","ping_status":"closed","template":"","meta":{"footnotes":""},"_links":{"self":[{"href":"https:\/\/www.trimagus.hu\/index.php\/wp-json\/wp\/v2\/pages\/88"}],"collection":[{"href":"https:\/\/www.trimagus.hu\/index.php\/wp-json\/wp\/v2\/pages"}],"about":[{"href":"https:\/\/www.trimagus.hu\/index.php\/wp-json\/wp\/v2\/types\/page"}],"author":[{"embeddable":true,"href":"https:\/\/www.trimagus.hu\/index.php\/wp-json\/wp\/v2\/users\/1"}],"replies":[{"embeddable":true,"href":"https:\/\/www.trimagus.hu\/index.php\/wp-json\/wp\/v2\/comments?post=88"}],"version-history":[{"count":8,"href":"https:\/\/www.trimagus.hu\/index.php\/wp-json\/wp\/v2\/pages\/88\/revisions"}],"predecessor-version":[{"id":736,"href":"https:\/\/www.trimagus.hu\/index.php\/wp-json\/wp\/v2\/pages\/88\/revisions\/736"}],"up":[{"embeddable":true,"href":"https:\/\/www.trimagus.hu\/index.php\/wp-json\/wp\/v2\/pages\/66"}],"wp:featuredmedia":[{"embeddable":true,"href":"https:\/\/www.trimagus.hu\/index.php\/wp-json\/wp\/v2\/media\/544"}],"wp:attachment":[{"href":"https:\/\/www.trimagus.hu\/index.php\/wp-json\/wp\/v2\/media?parent=88"}],"curies":[{"name":"wp","href":"https:\/\/api.w.org\/{rel}","templated":true}]}}